{"id":6115,"date":"2024-05-03T11:31:24","date_gmt":"2024-05-03T14:31:24","guid":{"rendered":"https:\/\/ead.unipac.br\/?page_id=6115"},"modified":"2024-05-03T13:47:31","modified_gmt":"2024-05-03T16:47:31","slug":"probic-2","status":"publish","type":"page","link":"https:\/\/ead.unipac.br\/?page_id=6115","title":{"rendered":"Probic"},"content":{"rendered":"\t\t<div data-elementor-type=\"wp-page\" data-elementor-id=\"6115\" class=\"elementor elementor-6115\" data-elementor-post-type=\"page\">\n\t\t\t\t<div class=\"elementor-element elementor-element-f6902b3 e-flex e-con-boxed wpr-particle-no wpr-jarallax-no wpr-parallax-no wpr-sticky-section-no e-con e-parent\" data-id=\"f6902b3\" data-element_type=\"container\">\n\t\t\t\t\t<div class=\"e-con-inner\">\n\t\t\t\t<div class=\"elementor-element elementor-element-3b6098a elementor-widget elementor-widget-spacer\" data-id=\"3b6098a\" data-element_type=\"widget\" data-widget_type=\"spacer.default\">\n\t\t\t\t<div class=\"elementor-widget-container\">\n\t\t\t<style>\/*! elementor - v3.22.0 - 26-06-2024 *\/\n.elementor-column .elementor-spacer-inner{height:var(--spacer-size)}.e-con{--container-widget-width:100%}.e-con-inner>.elementor-widget-spacer,.e-con>.elementor-widget-spacer{width:var(--container-widget-width,var(--spacer-size));--align-self:var(--container-widget-align-self,initial);--flex-shrink:0}.e-con-inner>.elementor-widget-spacer>.elementor-widget-container,.e-con>.elementor-widget-spacer>.elementor-widget-container{height:100%;width:100%}.e-con-inner>.elementor-widget-spacer>.elementor-widget-container>.elementor-spacer,.e-con>.elementor-widget-spacer>.elementor-widget-container>.elementor-spacer{height:100%}.e-con-inner>.elementor-widget-spacer>.elementor-widget-container>.elementor-spacer>.elementor-spacer-inner,.e-con>.elementor-widget-spacer>.elementor-widget-container>.elementor-spacer>.elementor-spacer-inner{height:var(--container-widget-height,var(--spacer-size))}.e-con-inner>.elementor-widget-spacer.elementor-widget-empty,.e-con>.elementor-widget-spacer.elementor-widget-empty{position:relative;min-height:22px;min-width:22px}.e-con-inner>.elementor-widget-spacer.elementor-widget-empty .elementor-widget-empty-icon,.e-con>.elementor-widget-spacer.elementor-widget-empty .elementor-widget-empty-icon{position:absolute;top:0;bottom:0;left:0;right:0;margin:auto;padding:0;width:22px;height:22px}<\/style>\t\t<div class=\"elementor-spacer\">\n\t\t\t<div class=\"elementor-spacer-inner\"><\/div>\n\t\t<\/div>\n\t\t\t\t<\/div>\n\t\t\t\t<\/div>\n\t\t\t\t\t<\/div>\n\t\t\t\t<\/div>\n\t\t<div class=\"elementor-element elementor-element-c104e79 e-flex e-con-boxed wpr-particle-no wpr-jarallax-no wpr-parallax-no wpr-sticky-section-no e-con e-parent\" data-id=\"c104e79\" data-element_type=\"container\">\n\t\t\t\t\t<div class=\"e-con-inner\">\n\t\t\t\t<div class=\"elementor-element elementor-element-d255d84 elementor-widget elementor-widget-heading\" data-id=\"d255d84\" data-element_type=\"widget\" data-widget_type=\"heading.default\">\n\t\t\t\t<div class=\"elementor-widget-container\">\n\t\t\t<style>\/*! elementor - v3.22.0 - 26-06-2024 *\/\n.elementor-heading-title{padding:0;margin:0;line-height:1}.elementor-widget-heading .elementor-heading-title[class*=elementor-size-]>a{color:inherit;font-size:inherit;line-height:inherit}.elementor-widget-heading .elementor-heading-title.elementor-size-small{font-size:15px}.elementor-widget-heading .elementor-heading-title.elementor-size-medium{font-size:19px}.elementor-widget-heading .elementor-heading-title.elementor-size-large{font-size:29px}.elementor-widget-heading .elementor-heading-title.elementor-size-xl{font-size:39px}.elementor-widget-heading .elementor-heading-title.elementor-size-xxl{font-size:59px}<\/style><h2 class=\"elementor-heading-title elementor-size-default\">PROBIC<\/h2>\t\t<\/div>\n\t\t\t\t<\/div>\n\t\t\t\t\t<\/div>\n\t\t\t\t<\/div>\n\t\t<div class=\"elementor-element elementor-element-d9d10af e-flex e-con-boxed wpr-particle-no wpr-jarallax-no wpr-parallax-no wpr-sticky-section-no e-con e-parent\" data-id=\"d9d10af\" data-element_type=\"container\">\n\t\t\t\t\t<div class=\"e-con-inner\">\n\t\t\t\t<div class=\"elementor-element elementor-element-8c297c8 elementor-widget elementor-widget-text-editor\" data-id=\"8c297c8\" data-element_type=\"widget\" data-widget_type=\"text-editor.default\">\n\t\t\t\t<div class=\"elementor-widget-container\">\n\t\t\t<style>\/*! elementor - v3.22.0 - 26-06-2024 *\/\n.elementor-widget-text-editor.elementor-drop-cap-view-stacked .elementor-drop-cap{background-color:#69727d;color:#fff}.elementor-widget-text-editor.elementor-drop-cap-view-framed .elementor-drop-cap{color:#69727d;border:3px solid;background-color:transparent}.elementor-widget-text-editor:not(.elementor-drop-cap-view-default) .elementor-drop-cap{margin-top:8px}.elementor-widget-text-editor:not(.elementor-drop-cap-view-default) .elementor-drop-cap-letter{width:1em;height:1em}.elementor-widget-text-editor .elementor-drop-cap{float:left;text-align:center;line-height:1;font-size:50px}.elementor-widget-text-editor .elementor-drop-cap-letter{display:inline-block}<\/style>\t\t\t\t<p>Programa de Bolsas de Inicia\u00e7\u00e3o Cient\u00edfica &#8211; PROBIC<\/p>\t\t\t\t\t\t<\/div>\n\t\t\t\t<\/div>\n\t\t\t\t\t<\/div>\n\t\t\t\t<\/div>\n\t\t<div class=\"elementor-element elementor-element-709de65 e-con-full e-flex wpr-particle-no wpr-jarallax-no wpr-parallax-no wpr-sticky-section-no e-con e-parent\" data-id=\"709de65\" data-element_type=\"container\" data-settings=\"{&quot;background_background&quot;:&quot;classic&quot;}\">\n\t\t\t\t<div class=\"elementor-element elementor-element-483a336 e-n-tabs-mobile elementor-widget elementor-widget-n-tabs\" data-id=\"483a336\" data-element_type=\"widget\" data-settings=\"{&quot;horizontal_scroll&quot;:&quot;disable&quot;}\" data-widget_type=\"nested-tabs.default\">\n\t\t\t\t<div class=\"elementor-widget-container\">\n\t\t\t\t\t<div class=\"e-n-tabs\" data-widget-number=\"757\" aria-label=\"Abas. Abra itens com &quot;Enter&quot; ou &quot;Espa\u00e7o&quot;, feche com &quot;Escape&quot; e navegue usando as teclas de &quot;Seta&quot;.\">\n\t\t\t<div class=\"e-n-tabs-heading\" role=\"tablist\">\n\t\t\t\t\t\t\t<button id=\"e-n-tabs-title-7571\" class=\"e-n-tab-title\" aria-selected=\"true\" data-tab-index=\"1\" role=\"tab\" tabindex=\"0\" aria-controls=\"e-n-tab-content-7571\" style=\"--n-tabs-title-order: 1;\">\n\t\t\t\t\t\t\t\t<span class=\"e-n-tab-title-text\">\n\t\t\t\t\tRegimentos e Editais\t\t\t\t<\/span>\n\t\t\t<\/button>\n\t\t\t\t\t<button id=\"e-n-tabs-title-7572\" class=\"e-n-tab-title\" aria-selected=\"false\" data-tab-index=\"2\" role=\"tab\" tabindex=\"-1\" aria-controls=\"e-n-tab-content-7572\" style=\"--n-tabs-title-order: 2;\">\n\t\t\t\t\t\t\t\t<span class=\"e-n-tab-title-text\">\n\t\t\t\t\tFormul\u00e1rios e Termos\t\t\t\t<\/span>\n\t\t\t<\/button>\n\t\t\t\t\t<button id=\"e-n-tabs-title-7573\" class=\"e-n-tab-title\" aria-selected=\"false\" data-tab-index=\"3\" role=\"tab\" tabindex=\"-1\" aria-controls=\"e-n-tab-content-7573\" style=\"--n-tabs-title-order: 3;\">\n\t\t\t\t\t\t\t\t<span class=\"e-n-tab-title-text\">\n\t\t\t\t\tProjetos GEP\t\t\t\t<\/span>\n\t\t\t<\/button>\n\t\t\t\t\t<button id=\"e-n-tabs-title-7574\" class=\"e-n-tab-title\" aria-selected=\"false\" data-tab-index=\"4\" role=\"tab\" tabindex=\"-1\" aria-controls=\"e-n-tab-content-7574\" style=\"--n-tabs-title-order: 4;\">\n\t\t\t\t\t\t\t\t<span class=\"e-n-tab-title-text\">\n\t\t\t\t\tComunica\u00e7\u00f5es acad\u00eamicas resultantes dos projetos desenvolvidos\t\t\t\t<\/span>\n\t\t\t<\/button>\n\t\t\t\t\t<\/div>\n\t\t\t<div class=\"e-n-tabs-content\">\n\t\t\t\t<div id=\"e-n-tab-content-7571\" role=\"tabpanel\" aria-labelledby=\"e-n-tabs-title-7571\" data-tab-index=\"1\" style=\"--n-tabs-title-order: 1;\" class=\"e-active elementor-element elementor-element-2c64e82 e-con-full e-flex wpr-particle-no wpr-jarallax-no wpr-parallax-no wpr-sticky-section-no e-con e-child\" data-id=\"2c64e82\" data-element_type=\"container\">\n\t\t<div class=\"elementor-element elementor-element-4215044 e-flex e-con-boxed wpr-particle-no wpr-jarallax-no wpr-parallax-no wpr-sticky-section-no e-con e-child\" data-id=\"4215044\" data-element_type=\"container\">\n\t\t\t\t\t<div class=\"e-con-inner\">\n\t\t\t\t<div class=\"elementor-element elementor-element-1f9624e elementor-widget elementor-widget-premium-addon-button\" data-id=\"1f9624e\" data-element_type=\"widget\" data-widget_type=\"premium-addon-button.default\">\n\t\t\t\t<div class=\"elementor-widget-container\">\n\t\t\t\r\n\r\n\t\t<a class=\"premium-button premium-button-style1 premium-btn-lg premium-button-style1-bottom\" href=\"http:\/\/ead.unipac.br\/wp-content\/uploads\/2024\/05\/PROBIC-EAD-REGIMENTO.pdf\">\r\n\t\t\t<div class=\"premium-button-text-icon-wrapper\">\r\n\t\t\t\t\r\n\t\t\t\t\t\t\t\t\t<span >\r\n\t\t\t\t\t\tRegimento Probic\t\t\t\t\t<\/span>\r\n\t\t\t\t\r\n\t\t\t\t<!-- After Icon -->\r\n\t\t\t\t\t\t\t<\/div>\r\n\r\n\t\t\t\r\n\t\t\t\r\n\t\t\t\r\n\t\t<\/a>\r\n\r\n\r\n\t\t\t\t<\/div>\n\t\t\t\t<\/div>\n\t\t\t\t<div class=\"elementor-element elementor-element-45ce823 elementor-widget elementor-widget-premium-addon-button\" data-id=\"45ce823\" data-element_type=\"widget\" data-widget_type=\"premium-addon-button.default\">\n\t\t\t\t<div class=\"elementor-widget-container\">\n\t\t\t\r\n\r\n\t\t<a class=\"premium-button premium-button-style1 premium-btn-lg premium-button-style1-bottom\" href=\"http:\/\/ead.unipac.br\/wp-content\/uploads\/2024\/05\/PROBIC-EAD-EDITAL.pdf\">\r\n\t\t\t<div class=\"premium-button-text-icon-wrapper\">\r\n\t\t\t\t\r\n\t\t\t\t\t\t\t\t\t<span >\r\n\t\t\t\t\t\tEdital Probic\t\t\t\t\t<\/span>\r\n\t\t\t\t\r\n\t\t\t\t<!-- After Icon -->\r\n\t\t\t\t\t\t\t<\/div>\r\n\r\n\t\t\t\r\n\t\t\t\r\n\t\t\t\r\n\t\t<\/a>\r\n\r\n\r\n\t\t\t\t<\/div>\n\t\t\t\t<\/div>\n\t\t\t\t\t<\/div>\n\t\t\t\t<\/div>\n\t\t\t\t<\/div>\n\t\t<div id=\"e-n-tab-content-7572\" role=\"tabpanel\" aria-labelledby=\"e-n-tabs-title-7572\" data-tab-index=\"2\" style=\"--n-tabs-title-order: 2;\" class=\" elementor-element elementor-element-b9bdd3c e-con-full e-flex wpr-particle-no wpr-jarallax-no wpr-parallax-no wpr-sticky-section-no e-con e-child\" data-id=\"b9bdd3c\" data-element_type=\"container\">\n\t\t<div class=\"elementor-element elementor-element-1d7a79c e-flex e-con-boxed wpr-particle-no wpr-jarallax-no wpr-parallax-no wpr-sticky-section-no e-con e-child\" data-id=\"1d7a79c\" data-element_type=\"container\">\n\t\t\t\t\t<div class=\"e-con-inner\">\n\t\t\t\t<div class=\"elementor-element elementor-element-2284210 elementor-widget elementor-widget-premium-addon-button\" data-id=\"2284210\" data-element_type=\"widget\" data-widget_type=\"premium-addon-button.default\">\n\t\t\t\t<div class=\"elementor-widget-container\">\n\t\t\t\r\n\r\n\t\t<a class=\"premium-button premium-button-style1 premium-btn-lg premium-button-style1-bottom\" href=\"http:\/\/ead.unipac.br\/wp-content\/uploads\/2024\/05\/1.-PROBIC-EAD-CADASTRO-1.docx\">\r\n\t\t\t<div class=\"premium-button-text-icon-wrapper\">\r\n\t\t\t\t\r\n\t\t\t\t\t\t\t\t\t<span >\r\n\t\t\t\t\t\tCadastro Probic\t\t\t\t\t<\/span>\r\n\t\t\t\t\r\n\t\t\t\t<!-- After Icon -->\r\n\t\t\t\t\t\t\t<\/div>\r\n\r\n\t\t\t\r\n\t\t\t\r\n\t\t\t\r\n\t\t<\/a>\r\n\r\n\r\n\t\t\t\t<\/div>\n\t\t\t\t<\/div>\n\t\t\t\t<div class=\"elementor-element elementor-element-36efc21 elementor-widget elementor-widget-premium-addon-button\" data-id=\"36efc21\" data-element_type=\"widget\" data-widget_type=\"premium-addon-button.default\">\n\t\t\t\t<div class=\"elementor-widget-container\">\n\t\t\t\r\n\r\n\t\t<a class=\"premium-button premium-button-style1 premium-btn-lg premium-button-style1-bottom\" href=\"http:\/\/ead.unipac.br\/wp-content\/uploads\/2024\/05\/2.-PROBIC-EAD-PLANO-DO-ALUNO-1.docx\">\r\n\t\t\t<div class=\"premium-button-text-icon-wrapper\">\r\n\t\t\t\t\r\n\t\t\t\t\t\t\t\t\t<span >\r\n\t\t\t\t\t\tPlano do aluno\t\t\t\t\t<\/span>\r\n\t\t\t\t\r\n\t\t\t\t<!-- After Icon -->\r\n\t\t\t\t\t\t\t<\/div>\r\n\r\n\t\t\t\r\n\t\t\t\r\n\t\t\t\r\n\t\t<\/a>\r\n\r\n\r\n\t\t\t\t<\/div>\n\t\t\t\t<\/div>\n\t\t\t\t<div class=\"elementor-element elementor-element-5823849 elementor-widget elementor-widget-premium-addon-button\" data-id=\"5823849\" data-element_type=\"widget\" data-widget_type=\"premium-addon-button.default\">\n\t\t\t\t<div class=\"elementor-widget-container\">\n\t\t\t\r\n\r\n\t\t<a class=\"premium-button premium-button-style1 premium-btn-lg premium-button-style1-bottom\" href=\"http:\/\/ead.unipac.br\/wp-content\/uploads\/2024\/05\/3.-PROBIC-EAD-TERMO-DE-COMPROMISSO-DO-ALUNO-1.docx\">\r\n\t\t\t<div class=\"premium-button-text-icon-wrapper\">\r\n\t\t\t\t\r\n\t\t\t\t\t\t\t\t\t<span >\r\n\t\t\t\t\t\tTermo de compromisso\t\t\t\t\t<\/span>\r\n\t\t\t\t\r\n\t\t\t\t<!-- After Icon -->\r\n\t\t\t\t\t\t\t<\/div>\r\n\r\n\t\t\t\r\n\t\t\t\r\n\t\t\t\r\n\t\t<\/a>\r\n\r\n\r\n\t\t\t\t<\/div>\n\t\t\t\t<\/div>\n\t\t\t\t<div class=\"elementor-element elementor-element-a5cfac7 elementor-widget elementor-widget-premium-addon-button\" data-id=\"a5cfac7\" data-element_type=\"widget\" data-widget_type=\"premium-addon-button.default\">\n\t\t\t\t<div class=\"elementor-widget-container\">\n\t\t\t\r\n\r\n\t\t<a class=\"premium-button premium-button-style1 premium-btn-lg premium-button-style1-bottom\" href=\"http:\/\/ead.unipac.br\/wp-content\/uploads\/2024\/05\/5.-PROBIC-EAD-RELATORIO-PARCIAL-1.docx\">\r\n\t\t\t<div class=\"premium-button-text-icon-wrapper\">\r\n\t\t\t\t\r\n\t\t\t\t\t\t\t\t\t<span >\r\n\t\t\t\t\t\tRelat\u00f3rio parcial\t\t\t\t\t<\/span>\r\n\t\t\t\t\r\n\t\t\t\t<!-- After Icon -->\r\n\t\t\t\t\t\t\t<\/div>\r\n\r\n\t\t\t\r\n\t\t\t\r\n\t\t\t\r\n\t\t<\/a>\r\n\r\n\r\n\t\t\t\t<\/div>\n\t\t\t\t<\/div>\n\t\t\t\t\t<\/div>\n\t\t\t\t<\/div>\n\t\t<div class=\"elementor-element elementor-element-78fbc83 e-flex e-con-boxed wpr-particle-no wpr-jarallax-no wpr-parallax-no wpr-sticky-section-no e-con e-child\" data-id=\"78fbc83\" data-element_type=\"container\">\n\t\t\t\t\t<div class=\"e-con-inner\">\n\t\t\t\t<div class=\"elementor-element elementor-element-2160c06 elementor-widget elementor-widget-premium-addon-button\" data-id=\"2160c06\" data-element_type=\"widget\" data-widget_type=\"premium-addon-button.default\">\n\t\t\t\t<div class=\"elementor-widget-container\">\n\t\t\t\r\n\r\n\t\t<a class=\"premium-button premium-button-style1 premium-btn-lg premium-button-style1-bottom\" href=\"http:\/\/ead.unipac.br\/wp-content\/uploads\/2024\/05\/6.-PROBIC-EAD-RELATORIO-FINAL-1.docx\">\r\n\t\t\t<div class=\"premium-button-text-icon-wrapper\">\r\n\t\t\t\t\r\n\t\t\t\t\t\t\t\t\t<span >\r\n\t\t\t\t\t\tRelat\u00f3rio final\t\t\t\t\t<\/span>\r\n\t\t\t\t\r\n\t\t\t\t<!-- After Icon -->\r\n\t\t\t\t\t\t\t<\/div>\r\n\r\n\t\t\t\r\n\t\t\t\r\n\t\t\t\r\n\t\t<\/a>\r\n\r\n\r\n\t\t\t\t<\/div>\n\t\t\t\t<\/div>\n\t\t\t\t<div class=\"elementor-element elementor-element-4b64e63 elementor-widget elementor-widget-premium-addon-button\" data-id=\"4b64e63\" data-element_type=\"widget\" data-widget_type=\"premium-addon-button.default\">\n\t\t\t\t<div class=\"elementor-widget-container\">\n\t\t\t\r\n\r\n\t\t<a class=\"premium-button premium-button-style1 premium-btn-lg premium-button-style1-bottom\" href=\"http:\/\/ead.unipac.br\/wp-content\/uploads\/2024\/05\/7.-PROBIC-EAD-CANCELAMENTO-SUBSTITUICAO-ALUNO-1.docx\">\r\n\t\t\t<div class=\"premium-button-text-icon-wrapper\">\r\n\t\t\t\t\r\n\t\t\t\t\t\t\t\t\t<span >\r\n\t\t\t\t\t\tCancelamento substitui\u00e7\u00e3o aluno\t\t\t\t\t<\/span>\r\n\t\t\t\t\r\n\t\t\t\t<!-- After Icon -->\r\n\t\t\t\t\t\t\t<\/div>\r\n\r\n\t\t\t\r\n\t\t\t\r\n\t\t\t\r\n\t\t<\/a>\r\n\r\n\r\n\t\t\t\t<\/div>\n\t\t\t\t<\/div>\n\t\t\t\t<div class=\"elementor-element elementor-element-77e3bbd elementor-widget elementor-widget-premium-addon-button\" data-id=\"77e3bbd\" data-element_type=\"widget\" data-widget_type=\"premium-addon-button.default\">\n\t\t\t\t<div class=\"elementor-widget-container\">\n\t\t\t\r\n\r\n\t\t<a class=\"premium-button premium-button-style1 premium-btn-lg premium-button-style1-bottom\" href=\"http:\/\/ead.unipac.br\/wp-content\/uploads\/2024\/05\/8.-PROBIC-EAD-AUTORIZACAO-PUBLICACAO-1.docx\">\r\n\t\t\t<div class=\"premium-button-text-icon-wrapper\">\r\n\t\t\t\t\r\n\t\t\t\t\t\t\t\t\t<span >\r\n\t\t\t\t\t\tTermo de Autoriza\u00e7\u00e3o de Publica\u00e7\u00e3o\t\t\t\t\t<\/span>\r\n\t\t\t\t\r\n\t\t\t\t<!-- After Icon -->\r\n\t\t\t\t\t\t\t<\/div>\r\n\r\n\t\t\t\r\n\t\t\t\r\n\t\t\t\r\n\t\t<\/a>\r\n\r\n\r\n\t\t\t\t<\/div>\n\t\t\t\t<\/div>\n\t\t\t\t<div class=\"elementor-element elementor-element-2d48dd1 elementor-widget elementor-widget-premium-addon-button\" data-id=\"2d48dd1\" data-element_type=\"widget\" data-widget_type=\"premium-addon-button.default\">\n\t\t\t\t<div class=\"elementor-widget-container\">\n\t\t\t\r\n\r\n\t\t<a class=\"premium-button premium-button-style1 premium-btn-lg premium-button-style1-bottom\" href=\"http:\/\/ead.unipac.br\/wp-content\/uploads\/2024\/05\/9.-PROBIC-EAD-CHAMADA-SELECAO-ALUNO-1.docx\">\r\n\t\t\t<div class=\"premium-button-text-icon-wrapper\">\r\n\t\t\t\t\r\n\t\t\t\t\t\t\t\t\t<span >\r\n\t\t\t\t\t\tChamada sele\u00e7\u00e3o aluno bolsista\t\t\t\t\t<\/span>\r\n\t\t\t\t\r\n\t\t\t\t<!-- After Icon -->\r\n\t\t\t\t\t\t\t<\/div>\r\n\r\n\t\t\t\r\n\t\t\t\r\n\t\t\t\r\n\t\t<\/a>\r\n\r\n\r\n\t\t\t\t<\/div>\n\t\t\t\t<\/div>\n\t\t\t\t\t<\/div>\n\t\t\t\t<\/div>\n\t\t\t\t<\/div>\n\t\t<div id=\"e-n-tab-content-7573\" role=\"tabpanel\" aria-labelledby=\"e-n-tabs-title-7573\" data-tab-index=\"3\" style=\"--n-tabs-title-order: 3;\" class=\" elementor-element elementor-element-b78c51d e-con-full e-flex wpr-particle-no wpr-jarallax-no wpr-parallax-no wpr-sticky-section-no e-con e-child\" data-id=\"b78c51d\" data-element_type=\"container\">\n\t\t\t\t<\/div>\n\t\t<div id=\"e-n-tab-content-7574\" role=\"tabpanel\" aria-labelledby=\"e-n-tabs-title-7574\" data-tab-index=\"4\" style=\"--n-tabs-title-order: 4;\" class=\" elementor-element elementor-element-5a022d8 e-con-full e-flex wpr-particle-no wpr-jarallax-no wpr-parallax-no wpr-sticky-section-no e-con e-child\" data-id=\"5a022d8\" data-element_type=\"container\">\n\t\t\t\t<\/div>\n\t\t\t\t\t<\/div>\n\t\t<\/div>\n\t\t\t\t<\/div>\n\t\t\t\t<\/div>\n\t\t\t\t<\/div>\n\t\t\t\t<\/div>\n\t\t","protected":false},"excerpt":{"rendered":"<p>PROBIC Programa de Bolsas de Inicia\u00e7\u00e3o Cient\u00edfica &#8211; PROBIC Regimentos e Editais Formul\u00e1rios e Termos Projetos GEP Comunica\u00e7\u00f5es acad\u00eamicas resultantes dos projetos desenvolvidos Regimento Probic Edital Probic Cadastro Probic Plano do aluno Termo de compromisso Relat\u00f3rio parcial Relat\u00f3rio final Cancelamento substitui\u00e7\u00e3o aluno Termo de Autoriza\u00e7\u00e3o de Publica\u00e7\u00e3o Chamada sele\u00e7\u00e3o aluno bolsista Regimento Probic Edital Probic [&hellip;]<\/p>\n","protected":false},"author":7,"featured_media":0,"parent":0,"menu_order":0,"comment_status":"closed","ping_status":"closed","template":"elementor_header_footer","meta":{"footnotes":""},"class_list":["post-6115","page","type-page","status-publish","hentry"],"acf":[],"_links":{"self":[{"href":"https:\/\/ead.unipac.br\/index.php?rest_route=\/wp\/v2\/pages\/6115","targetHints":{"allow":["GET"]}}],"collection":[{"href":"https:\/\/ead.unipac.br\/index.php?rest_route=\/wp\/v2\/pages"}],"about":[{"href":"https:\/\/ead.unipac.br\/index.php?rest_route=\/wp\/v2\/types\/page"}],"author":[{"embeddable":true,"href":"https:\/\/ead.unipac.br\/index.php?rest_route=\/wp\/v2\/users\/7"}],"replies":[{"embeddable":true,"href":"https:\/\/ead.unipac.br\/index.php?rest_route=%2Fwp%2Fv2%2Fcomments&post=6115"}],"version-history":[{"count":10,"href":"https:\/\/ead.unipac.br\/index.php?rest_route=\/wp\/v2\/pages\/6115\/revisions"}],"predecessor-version":[{"id":6144,"href":"https:\/\/ead.unipac.br\/index.php?rest_route=\/wp\/v2\/pages\/6115\/revisions\/6144"}],"wp:attachment":[{"href":"https:\/\/ead.unipac.br\/index.php?rest_route=%2Fwp%2Fv2%2Fmedia&parent=6115"}],"curies":[{"name":"wp","href":"https:\/\/api.w.org\/{rel}","templated":true}]}}