{"id":6067,"date":"2024-05-03T10:55:48","date_gmt":"2024-05-03T13:55:48","guid":{"rendered":"https:\/\/ead.unipac.br\/?page_id=6067"},"modified":"2024-05-03T11:27:15","modified_gmt":"2024-05-03T14:27:15","slug":"gep","status":"publish","type":"page","link":"https:\/\/ead.unipac.br\/?page_id=6067","title":{"rendered":"GEP"},"content":{"rendered":"\t\t<div data-elementor-type=\"wp-page\" data-elementor-id=\"6067\" class=\"elementor elementor-6067\" data-elementor-post-type=\"page\">\n\t\t\t\t<div class=\"elementor-element elementor-element-c66feae e-flex e-con-boxed wpr-particle-no wpr-jarallax-no wpr-parallax-no wpr-sticky-section-no e-con e-parent\" data-id=\"c66feae\" data-element_type=\"container\">\n\t\t\t\t\t<div class=\"e-con-inner\">\n\t\t\t\t<div class=\"elementor-element elementor-element-b0ff17f elementor-widget elementor-widget-spacer\" data-id=\"b0ff17f\" data-element_type=\"widget\" data-widget_type=\"spacer.default\">\n\t\t\t\t<div class=\"elementor-widget-container\">\n\t\t\t<style>\/*! elementor - v3.22.0 - 26-06-2024 *\/\n.elementor-column .elementor-spacer-inner{height:var(--spacer-size)}.e-con{--container-widget-width:100%}.e-con-inner>.elementor-widget-spacer,.e-con>.elementor-widget-spacer{width:var(--container-widget-width,var(--spacer-size));--align-self:var(--container-widget-align-self,initial);--flex-shrink:0}.e-con-inner>.elementor-widget-spacer>.elementor-widget-container,.e-con>.elementor-widget-spacer>.elementor-widget-container{height:100%;width:100%}.e-con-inner>.elementor-widget-spacer>.elementor-widget-container>.elementor-spacer,.e-con>.elementor-widget-spacer>.elementor-widget-container>.elementor-spacer{height:100%}.e-con-inner>.elementor-widget-spacer>.elementor-widget-container>.elementor-spacer>.elementor-spacer-inner,.e-con>.elementor-widget-spacer>.elementor-widget-container>.elementor-spacer>.elementor-spacer-inner{height:var(--container-widget-height,var(--spacer-size))}.e-con-inner>.elementor-widget-spacer.elementor-widget-empty,.e-con>.elementor-widget-spacer.elementor-widget-empty{position:relative;min-height:22px;min-width:22px}.e-con-inner>.elementor-widget-spacer.elementor-widget-empty .elementor-widget-empty-icon,.e-con>.elementor-widget-spacer.elementor-widget-empty .elementor-widget-empty-icon{position:absolute;top:0;bottom:0;left:0;right:0;margin:auto;padding:0;width:22px;height:22px}<\/style>\t\t<div class=\"elementor-spacer\">\n\t\t\t<div class=\"elementor-spacer-inner\"><\/div>\n\t\t<\/div>\n\t\t\t\t<\/div>\n\t\t\t\t<\/div>\n\t\t\t\t\t<\/div>\n\t\t\t\t<\/div>\n\t\t<div class=\"elementor-element elementor-element-02094a5 e-flex e-con-boxed wpr-particle-no wpr-jarallax-no wpr-parallax-no wpr-sticky-section-no e-con e-parent\" data-id=\"02094a5\" data-element_type=\"container\">\n\t\t\t\t\t<div class=\"e-con-inner\">\n\t\t\t\t<div class=\"elementor-element elementor-element-7a920c2 elementor-widget elementor-widget-heading\" data-id=\"7a920c2\" data-element_type=\"widget\" data-widget_type=\"heading.default\">\n\t\t\t\t<div class=\"elementor-widget-container\">\n\t\t\t<style>\/*! elementor - v3.22.0 - 26-06-2024 *\/\n.elementor-heading-title{padding:0;margin:0;line-height:1}.elementor-widget-heading .elementor-heading-title[class*=elementor-size-]>a{color:inherit;font-size:inherit;line-height:inherit}.elementor-widget-heading .elementor-heading-title.elementor-size-small{font-size:15px}.elementor-widget-heading .elementor-heading-title.elementor-size-medium{font-size:19px}.elementor-widget-heading .elementor-heading-title.elementor-size-large{font-size:29px}.elementor-widget-heading .elementor-heading-title.elementor-size-xl{font-size:39px}.elementor-widget-heading .elementor-heading-title.elementor-size-xxl{font-size:59px}<\/style><h2 class=\"elementor-heading-title elementor-size-default\">Programa de Cria\u00e7\u00e3o de Grupos de Estudos e Pesquisa (GEP)<\/h2>\t\t<\/div>\n\t\t\t\t<\/div>\n\t\t\t\t\t<\/div>\n\t\t\t\t<\/div>\n\t\t<div class=\"elementor-element elementor-element-feae7b1 e-flex e-con-boxed wpr-particle-no wpr-jarallax-no wpr-parallax-no wpr-sticky-section-no e-con e-parent\" data-id=\"feae7b1\" data-element_type=\"container\">\n\t\t\t\t\t<div class=\"e-con-inner\">\n\t\t\t\t<div class=\"elementor-element elementor-element-dbb8dd5 elementor-widget elementor-widget-spacer\" data-id=\"dbb8dd5\" data-element_type=\"widget\" data-widget_type=\"spacer.default\">\n\t\t\t\t<div class=\"elementor-widget-container\">\n\t\t\t\t\t<div class=\"elementor-spacer\">\n\t\t\t<div class=\"elementor-spacer-inner\"><\/div>\n\t\t<\/div>\n\t\t\t\t<\/div>\n\t\t\t\t<\/div>\n\t\t\t\t\t<\/div>\n\t\t\t\t<\/div>\n\t\t<div class=\"elementor-element elementor-element-8525d22 e-flex e-con-boxed wpr-particle-no wpr-jarallax-no wpr-parallax-no wpr-sticky-section-no e-con e-parent\" data-id=\"8525d22\" data-element_type=\"container\">\n\t\t\t\t\t<div class=\"e-con-inner\">\n\t\t\t\t<div class=\"elementor-element elementor-element-b2324da elementor-widget elementor-widget-text-editor\" data-id=\"b2324da\" data-element_type=\"widget\" data-widget_type=\"text-editor.default\">\n\t\t\t\t<div class=\"elementor-widget-container\">\n\t\t\t<style>\/*! elementor - v3.22.0 - 26-06-2024 *\/\n.elementor-widget-text-editor.elementor-drop-cap-view-stacked .elementor-drop-cap{background-color:#69727d;color:#fff}.elementor-widget-text-editor.elementor-drop-cap-view-framed .elementor-drop-cap{color:#69727d;border:3px solid;background-color:transparent}.elementor-widget-text-editor:not(.elementor-drop-cap-view-default) .elementor-drop-cap{margin-top:8px}.elementor-widget-text-editor:not(.elementor-drop-cap-view-default) .elementor-drop-cap-letter{width:1em;height:1em}.elementor-widget-text-editor .elementor-drop-cap{float:left;text-align:center;line-height:1;font-size:50px}.elementor-widget-text-editor .elementor-drop-cap-letter{display:inline-block}<\/style>\t\t\t\t<p>Programa de Cria\u00e7\u00e3o de Grupos de Estudos e Pesquisa (GEP): os grupos de estudos buscam criar um ambiente fecundo de forma\u00e7\u00e3o de alunos e de inicia\u00e7\u00e3o em pesquisa, para a indissoci\u00e1vel rela\u00e7\u00e3o entre conhecimento acad\u00eamico e pr\u00e1tica humanista.<\/p>\t\t\t\t\t\t<\/div>\n\t\t\t\t<\/div>\n\t\t\t\t\t<\/div>\n\t\t\t\t<\/div>\n\t\t<div class=\"elementor-element elementor-element-612c544 e-con-full e-flex wpr-particle-no wpr-jarallax-no wpr-parallax-no wpr-sticky-section-no e-con e-parent\" data-id=\"612c544\" data-element_type=\"container\" data-settings=\"{&quot;background_background&quot;:&quot;classic&quot;}\">\n\t\t\t\t<div class=\"elementor-element elementor-element-3064f0f e-n-tabs-mobile elementor-widget elementor-widget-n-tabs\" data-id=\"3064f0f\" data-element_type=\"widget\" data-settings=\"{&quot;horizontal_scroll&quot;:&quot;disable&quot;}\" data-widget_type=\"nested-tabs.default\">\n\t\t\t\t<div class=\"elementor-widget-container\">\n\t\t\t\t\t<div class=\"e-n-tabs\" data-widget-number=\"507\" aria-label=\"Abas. Abra itens com &quot;Enter&quot; ou &quot;Espa\u00e7o&quot;, feche com &quot;Escape&quot; e navegue usando as teclas de &quot;Seta&quot;.\">\n\t\t\t<div class=\"e-n-tabs-heading\" role=\"tablist\">\n\t\t\t\t\t\t\t<button id=\"e-n-tabs-title-5071\" class=\"e-n-tab-title\" aria-selected=\"true\" data-tab-index=\"1\" role=\"tab\" tabindex=\"0\" aria-controls=\"e-n-tab-content-5071\" style=\"--n-tabs-title-order: 1;\">\n\t\t\t\t\t\t\t\t<span class=\"e-n-tab-title-text\">\n\t\t\t\t\tRegimentos e Editais\t\t\t\t<\/span>\n\t\t\t<\/button>\n\t\t\t\t\t<button id=\"e-n-tabs-title-5072\" class=\"e-n-tab-title\" aria-selected=\"false\" data-tab-index=\"2\" role=\"tab\" tabindex=\"-1\" aria-controls=\"e-n-tab-content-5072\" style=\"--n-tabs-title-order: 2;\">\n\t\t\t\t\t\t\t\t<span class=\"e-n-tab-title-text\">\n\t\t\t\t\tFormul\u00e1rios e Termos\t\t\t\t<\/span>\n\t\t\t<\/button>\n\t\t\t\t\t<button id=\"e-n-tabs-title-5073\" class=\"e-n-tab-title\" aria-selected=\"false\" data-tab-index=\"3\" role=\"tab\" tabindex=\"-1\" aria-controls=\"e-n-tab-content-5073\" style=\"--n-tabs-title-order: 3;\">\n\t\t\t\t\t\t\t\t<span class=\"e-n-tab-title-text\">\n\t\t\t\t\tProjetos GEP\t\t\t\t<\/span>\n\t\t\t<\/button>\n\t\t\t\t\t<button id=\"e-n-tabs-title-5074\" class=\"e-n-tab-title\" aria-selected=\"false\" data-tab-index=\"4\" role=\"tab\" tabindex=\"-1\" aria-controls=\"e-n-tab-content-5074\" style=\"--n-tabs-title-order: 4;\">\n\t\t\t\t\t\t\t\t<span class=\"e-n-tab-title-text\">\n\t\t\t\t\tComunica\u00e7\u00f5es acad\u00eamicas resultantes dos projetos desenvolvidos\t\t\t\t<\/span>\n\t\t\t<\/button>\n\t\t\t\t\t<\/div>\n\t\t\t<div class=\"e-n-tabs-content\">\n\t\t\t\t<div id=\"e-n-tab-content-5071\" role=\"tabpanel\" aria-labelledby=\"e-n-tabs-title-5071\" data-tab-index=\"1\" style=\"--n-tabs-title-order: 1;\" class=\"e-active elementor-element elementor-element-13d13a9 e-con-full e-flex wpr-particle-no wpr-jarallax-no wpr-parallax-no wpr-sticky-section-no e-con e-child\" data-id=\"13d13a9\" data-element_type=\"container\">\n\t\t<div class=\"elementor-element elementor-element-c83ec2c e-flex e-con-boxed wpr-particle-no wpr-jarallax-no wpr-parallax-no wpr-sticky-section-no e-con e-child\" data-id=\"c83ec2c\" data-element_type=\"container\">\n\t\t\t\t\t<div class=\"e-con-inner\">\n\t\t\t\t<div class=\"elementor-element elementor-element-6573cf4 elementor-widget elementor-widget-premium-addon-button\" data-id=\"6573cf4\" data-element_type=\"widget\" data-widget_type=\"premium-addon-button.default\">\n\t\t\t\t<div class=\"elementor-widget-container\">\n\t\t\t\r\n\r\n\t\t<a class=\"premium-button premium-button-style1 premium-btn-lg premium-button-style1-bottom\" href=\"http:\/\/ead.unipac.br\/wp-content\/uploads\/2024\/05\/GEP-EAD-REGIMENTO.pdf\">\r\n\t\t\t<div class=\"premium-button-text-icon-wrapper\">\r\n\t\t\t\t\r\n\t\t\t\t\t\t\t\t\t<span >\r\n\t\t\t\t\t\tRegimento GEP\t\t\t\t\t<\/span>\r\n\t\t\t\t\r\n\t\t\t\t<!-- After Icon -->\r\n\t\t\t\t\t\t\t<\/div>\r\n\r\n\t\t\t\r\n\t\t\t\r\n\t\t\t\r\n\t\t<\/a>\r\n\r\n\r\n\t\t\t\t<\/div>\n\t\t\t\t<\/div>\n\t\t\t\t<div class=\"elementor-element elementor-element-631f49a elementor-widget elementor-widget-premium-addon-button\" data-id=\"631f49a\" data-element_type=\"widget\" data-widget_type=\"premium-addon-button.default\">\n\t\t\t\t<div class=\"elementor-widget-container\">\n\t\t\t\r\n\r\n\t\t<a class=\"premium-button premium-button-style1 premium-btn-lg premium-button-style1-bottom\" href=\"http:\/\/ead.unipac.br\/wp-content\/uploads\/2024\/05\/GEP-EAD-EDITAL.pdf\">\r\n\t\t\t<div class=\"premium-button-text-icon-wrapper\">\r\n\t\t\t\t\r\n\t\t\t\t\t\t\t\t\t<span >\r\n\t\t\t\t\t\tEdital GEP\t\t\t\t\t<\/span>\r\n\t\t\t\t\r\n\t\t\t\t<!-- After Icon -->\r\n\t\t\t\t\t\t\t<\/div>\r\n\r\n\t\t\t\r\n\t\t\t\r\n\t\t\t\r\n\t\t<\/a>\r\n\r\n\r\n\t\t\t\t<\/div>\n\t\t\t\t<\/div>\n\t\t\t\t\t<\/div>\n\t\t\t\t<\/div>\n\t\t\t\t<\/div>\n\t\t<div id=\"e-n-tab-content-5072\" role=\"tabpanel\" aria-labelledby=\"e-n-tabs-title-5072\" data-tab-index=\"2\" style=\"--n-tabs-title-order: 2;\" class=\" elementor-element elementor-element-bdbc613 e-con-full e-flex wpr-particle-no wpr-jarallax-no wpr-parallax-no wpr-sticky-section-no e-con e-child\" data-id=\"bdbc613\" data-element_type=\"container\">\n\t\t<div class=\"elementor-element elementor-element-e5e803e e-flex e-con-boxed wpr-particle-no wpr-jarallax-no wpr-parallax-no wpr-sticky-section-no e-con e-child\" data-id=\"e5e803e\" data-element_type=\"container\">\n\t\t\t\t\t<div class=\"e-con-inner\">\n\t\t\t\t<div class=\"elementor-element elementor-element-5d8fc87 elementor-widget elementor-widget-premium-addon-button\" data-id=\"5d8fc87\" data-element_type=\"widget\" data-widget_type=\"premium-addon-button.default\">\n\t\t\t\t<div class=\"elementor-widget-container\">\n\t\t\t\r\n\r\n\t\t<a class=\"premium-button premium-button-style1 premium-btn-lg premium-button-style1-bottom\" href=\"http:\/\/ead.unipac.br\/wp-content\/uploads\/2024\/05\/1.-GEP-EAD-CADASTRO.docx\">\r\n\t\t\t<div class=\"premium-button-text-icon-wrapper\">\r\n\t\t\t\t\r\n\t\t\t\t\t\t\t\t\t<span >\r\n\t\t\t\t\t\tCadastro GEP\t\t\t\t\t<\/span>\r\n\t\t\t\t\r\n\t\t\t\t<!-- After Icon -->\r\n\t\t\t\t\t\t\t<\/div>\r\n\r\n\t\t\t\r\n\t\t\t\r\n\t\t\t\r\n\t\t<\/a>\r\n\r\n\r\n\t\t\t\t<\/div>\n\t\t\t\t<\/div>\n\t\t\t\t<div class=\"elementor-element elementor-element-b408231 elementor-widget elementor-widget-premium-addon-button\" data-id=\"b408231\" data-element_type=\"widget\" data-widget_type=\"premium-addon-button.default\">\n\t\t\t\t<div class=\"elementor-widget-container\">\n\t\t\t\r\n\r\n\t\t<a class=\"premium-button premium-button-style1 premium-btn-lg premium-button-style1-bottom\" href=\"http:\/\/ead.unipac.br\/wp-content\/uploads\/2024\/05\/2.-GEP-EAD-PLANO-DO-ALUNO.docx\">\r\n\t\t\t<div class=\"premium-button-text-icon-wrapper\">\r\n\t\t\t\t\r\n\t\t\t\t\t\t\t\t\t<span >\r\n\t\t\t\t\t\tPlano do aluno\t\t\t\t\t<\/span>\r\n\t\t\t\t\r\n\t\t\t\t<!-- After Icon -->\r\n\t\t\t\t\t\t\t<\/div>\r\n\r\n\t\t\t\r\n\t\t\t\r\n\t\t\t\r\n\t\t<\/a>\r\n\r\n\r\n\t\t\t\t<\/div>\n\t\t\t\t<\/div>\n\t\t\t\t<div class=\"elementor-element elementor-element-3f88586 elementor-widget elementor-widget-premium-addon-button\" data-id=\"3f88586\" data-element_type=\"widget\" data-widget_type=\"premium-addon-button.default\">\n\t\t\t\t<div class=\"elementor-widget-container\">\n\t\t\t\r\n\r\n\t\t<a class=\"premium-button premium-button-style1 premium-btn-lg premium-button-style1-bottom\" href=\"http:\/\/ead.unipac.br\/wp-content\/uploads\/2024\/05\/3.-GEP-EAD-TERMO-COMPROMISSO-ALUNO.docx\">\r\n\t\t\t<div class=\"premium-button-text-icon-wrapper\">\r\n\t\t\t\t\r\n\t\t\t\t\t\t\t\t\t<span >\r\n\t\t\t\t\t\tTermo de compromisso\t\t\t\t\t<\/span>\r\n\t\t\t\t\r\n\t\t\t\t<!-- After Icon -->\r\n\t\t\t\t\t\t\t<\/div>\r\n\r\n\t\t\t\r\n\t\t\t\r\n\t\t\t\r\n\t\t<\/a>\r\n\r\n\r\n\t\t\t\t<\/div>\n\t\t\t\t<\/div>\n\t\t\t\t<div class=\"elementor-element elementor-element-0b63273 elementor-widget elementor-widget-premium-addon-button\" data-id=\"0b63273\" data-element_type=\"widget\" data-widget_type=\"premium-addon-button.default\">\n\t\t\t\t<div class=\"elementor-widget-container\">\n\t\t\t\r\n\r\n\t\t<a class=\"premium-button premium-button-style1 premium-btn-lg premium-button-style1-bottom\" href=\"http:\/\/ead.unipac.br\/wp-content\/uploads\/2024\/05\/4.-GEP-EAD-PRIMEIRO-RELATORIO.docx\">\r\n\t\t\t<div class=\"premium-button-text-icon-wrapper\">\r\n\t\t\t\t\r\n\t\t\t\t\t\t\t\t\t<span >\r\n\t\t\t\t\t\tPrimeiro Relat\u00f3rio\t\t\t\t\t<\/span>\r\n\t\t\t\t\r\n\t\t\t\t<!-- After Icon -->\r\n\t\t\t\t\t\t\t<\/div>\r\n\r\n\t\t\t\r\n\t\t\t\r\n\t\t\t\r\n\t\t<\/a>\r\n\r\n\r\n\t\t\t\t<\/div>\n\t\t\t\t<\/div>\n\t\t\t\t<div class=\"elementor-element elementor-element-7582a92 elementor-widget elementor-widget-premium-addon-button\" data-id=\"7582a92\" data-element_type=\"widget\" data-widget_type=\"premium-addon-button.default\">\n\t\t\t\t<div class=\"elementor-widget-container\">\n\t\t\t\r\n\r\n\t\t<a class=\"premium-button premium-button-style1 premium-btn-lg premium-button-style1-bottom\" href=\"http:\/\/ead.unipac.br\/wp-content\/uploads\/2024\/05\/5.-GEP-EAD-SEGUNDO-RELATORIO.docx\">\r\n\t\t\t<div class=\"premium-button-text-icon-wrapper\">\r\n\t\t\t\t\r\n\t\t\t\t\t\t\t\t\t<span >\r\n\t\t\t\t\t\tSegundo relat\u00f3rio\t\t\t\t\t<\/span>\r\n\t\t\t\t\r\n\t\t\t\t<!-- After Icon -->\r\n\t\t\t\t\t\t\t<\/div>\r\n\r\n\t\t\t\r\n\t\t\t\r\n\t\t\t\r\n\t\t<\/a>\r\n\r\n\r\n\t\t\t\t<\/div>\n\t\t\t\t<\/div>\n\t\t\t\t\t<\/div>\n\t\t\t\t<\/div>\n\t\t<div class=\"elementor-element elementor-element-64506d9 e-flex e-con-boxed wpr-particle-no wpr-jarallax-no wpr-parallax-no wpr-sticky-section-no e-con e-child\" data-id=\"64506d9\" data-element_type=\"container\">\n\t\t\t\t\t<div class=\"e-con-inner\">\n\t\t\t\t<div class=\"elementor-element elementor-element-06982c8 elementor-widget elementor-widget-premium-addon-button\" data-id=\"06982c8\" data-element_type=\"widget\" data-widget_type=\"premium-addon-button.default\">\n\t\t\t\t<div class=\"elementor-widget-container\">\n\t\t\t\r\n\r\n\t\t<a class=\"premium-button premium-button-style1 premium-btn-lg premium-button-style1-bottom\" href=\"http:\/\/ead.unipac.br\/wp-content\/uploads\/2024\/05\/6.-GEP-EAD-RELATORIO-PARCIAL.docx\">\r\n\t\t\t<div class=\"premium-button-text-icon-wrapper\">\r\n\t\t\t\t\r\n\t\t\t\t\t\t\t\t\t<span >\r\n\t\t\t\t\t\tRelat\u00f3rio Parcial\t\t\t\t\t<\/span>\r\n\t\t\t\t\r\n\t\t\t\t<!-- After Icon -->\r\n\t\t\t\t\t\t\t<\/div>\r\n\r\n\t\t\t\r\n\t\t\t\r\n\t\t\t\r\n\t\t<\/a>\r\n\r\n\r\n\t\t\t\t<\/div>\n\t\t\t\t<\/div>\n\t\t\t\t<div class=\"elementor-element elementor-element-e9d6e11 elementor-widget elementor-widget-premium-addon-button\" data-id=\"e9d6e11\" data-element_type=\"widget\" data-widget_type=\"premium-addon-button.default\">\n\t\t\t\t<div class=\"elementor-widget-container\">\n\t\t\t\r\n\r\n\t\t<a class=\"premium-button premium-button-style1 premium-btn-lg premium-button-style1-bottom\" href=\"http:\/\/ead.unipac.br\/wp-content\/uploads\/2024\/05\/7.-GEP-EAD-CANCELAMENTO-SUBSTITUICAO-ALUNO.docx\">\r\n\t\t\t<div class=\"premium-button-text-icon-wrapper\">\r\n\t\t\t\t\r\n\t\t\t\t\t\t\t\t\t<span >\r\n\t\t\t\t\t\tCancelamento substitui\u00e7\u00e3o aluno\t\t\t\t\t<\/span>\r\n\t\t\t\t\r\n\t\t\t\t<!-- After Icon -->\r\n\t\t\t\t\t\t\t<\/div>\r\n\r\n\t\t\t\r\n\t\t\t\r\n\t\t\t\r\n\t\t<\/a>\r\n\r\n\r\n\t\t\t\t<\/div>\n\t\t\t\t<\/div>\n\t\t\t\t<div class=\"elementor-element elementor-element-bf53dca elementor-widget elementor-widget-premium-addon-button\" data-id=\"bf53dca\" data-element_type=\"widget\" data-widget_type=\"premium-addon-button.default\">\n\t\t\t\t<div class=\"elementor-widget-container\">\n\t\t\t\r\n\r\n\t\t<a class=\"premium-button premium-button-style1 premium-btn-lg premium-button-style1-bottom\" href=\"http:\/\/ead.unipac.br\/wp-content\/uploads\/2024\/05\/10.-GEP-EAD-PEDIDO-DE-PRORROGACAO.docx\">\r\n\t\t\t<div class=\"premium-button-text-icon-wrapper\">\r\n\t\t\t\t\r\n\t\t\t\t\t\t\t\t\t<span >\r\n\t\t\t\t\t\tPedido de Prorroga\u00e7\u00e3o GEP\t\t\t\t\t<\/span>\r\n\t\t\t\t\r\n\t\t\t\t<!-- After Icon -->\r\n\t\t\t\t\t\t\t<\/div>\r\n\r\n\t\t\t\r\n\t\t\t\r\n\t\t\t\r\n\t\t<\/a>\r\n\r\n\r\n\t\t\t\t<\/div>\n\t\t\t\t<\/div>\n\t\t\t\t<div class=\"elementor-element elementor-element-7d74ac5 elementor-widget elementor-widget-premium-addon-button\" data-id=\"7d74ac5\" data-element_type=\"widget\" data-widget_type=\"premium-addon-button.default\">\n\t\t\t\t<div class=\"elementor-widget-container\">\n\t\t\t\r\n\r\n\t\t<a class=\"premium-button premium-button-style1 premium-btn-lg premium-button-style1-bottom\" href=\"http:\/\/ead.unipac.br\/wp-content\/uploads\/2024\/05\/8.-GEP-EAD-AUTORIZACAO-PUBLICACAO.docx\">\r\n\t\t\t<div class=\"premium-button-text-icon-wrapper\">\r\n\t\t\t\t\r\n\t\t\t\t\t\t\t\t\t<span >\r\n\t\t\t\t\t\tTermo de Autoriza\u00e7\u00e3o de Publica\u00e7\u00e3o\t\t\t\t\t<\/span>\r\n\t\t\t\t\r\n\t\t\t\t<!-- After Icon -->\r\n\t\t\t\t\t\t\t<\/div>\r\n\r\n\t\t\t\r\n\t\t\t\r\n\t\t\t\r\n\t\t<\/a>\r\n\r\n\r\n\t\t\t\t<\/div>\n\t\t\t\t<\/div>\n\t\t\t\t<div class=\"elementor-element elementor-element-8e6ce69 elementor-widget elementor-widget-premium-addon-button\" data-id=\"8e6ce69\" data-element_type=\"widget\" data-widget_type=\"premium-addon-button.default\">\n\t\t\t\t<div class=\"elementor-widget-container\">\n\t\t\t\r\n\r\n\t\t<a class=\"premium-button premium-button-style1 premium-btn-lg premium-button-style1-bottom\" href=\"http:\/\/ead.unipac.br\/wp-content\/uploads\/2024\/05\/9.-GEP-EAD-CHAMADA-PARA-SELECAO-ALUNO.docx\">\r\n\t\t\t<div class=\"premium-button-text-icon-wrapper\">\r\n\t\t\t\t\r\n\t\t\t\t\t\t\t\t\t<span >\r\n\t\t\t\t\t\tChamada sele\u00e7\u00e3o aluno bolsista\t\t\t\t\t<\/span>\r\n\t\t\t\t\r\n\t\t\t\t<!-- After Icon -->\r\n\t\t\t\t\t\t\t<\/div>\r\n\r\n\t\t\t\r\n\t\t\t\r\n\t\t\t\r\n\t\t<\/a>\r\n\r\n\r\n\t\t\t\t<\/div>\n\t\t\t\t<\/div>\n\t\t\t\t\t<\/div>\n\t\t\t\t<\/div>\n\t\t\t\t<\/div>\n\t\t<div id=\"e-n-tab-content-5073\" role=\"tabpanel\" aria-labelledby=\"e-n-tabs-title-5073\" data-tab-index=\"3\" style=\"--n-tabs-title-order: 3;\" class=\" elementor-element elementor-element-18ad116 e-con-full e-flex wpr-particle-no wpr-jarallax-no wpr-parallax-no wpr-sticky-section-no e-con e-child\" data-id=\"18ad116\" data-element_type=\"container\">\n\t\t\t\t<\/div>\n\t\t<div id=\"e-n-tab-content-5074\" role=\"tabpanel\" aria-labelledby=\"e-n-tabs-title-5074\" data-tab-index=\"4\" style=\"--n-tabs-title-order: 4;\" class=\" elementor-element elementor-element-8aaa3bf e-con-full e-flex wpr-particle-no wpr-jarallax-no wpr-parallax-no wpr-sticky-section-no e-con e-child\" data-id=\"8aaa3bf\" data-element_type=\"container\">\n\t\t\t\t<\/div>\n\t\t\t\t\t<\/div>\n\t\t<\/div>\n\t\t\t\t<\/div>\n\t\t\t\t<\/div>\n\t\t\t\t<\/div>\n\t\t\t\t<\/div>\n\t\t","protected":false},"excerpt":{"rendered":"<p>Programa de Cria\u00e7\u00e3o de Grupos de Estudos e Pesquisa (GEP) Programa de Cria\u00e7\u00e3o de Grupos de Estudos e Pesquisa (GEP): os grupos de estudos buscam criar um ambiente fecundo de forma\u00e7\u00e3o de alunos e de inicia\u00e7\u00e3o em pesquisa, para a indissoci\u00e1vel rela\u00e7\u00e3o entre conhecimento acad\u00eamico e pr\u00e1tica humanista. Regimentos e Editais Formul\u00e1rios e Termos Projetos [&hellip;]<\/p>\n","protected":false},"author":7,"featured_media":0,"parent":0,"menu_order":0,"comment_status":"closed","ping_status":"closed","template":"elementor_header_footer","meta":{"footnotes":""},"class_list":["post-6067","page","type-page","status-publish","hentry"],"acf":[],"_links":{"self":[{"href":"https:\/\/ead.unipac.br\/index.php?rest_route=\/wp\/v2\/pages\/6067","targetHints":{"allow":["GET"]}}],"collection":[{"href":"https:\/\/ead.unipac.br\/index.php?rest_route=\/wp\/v2\/pages"}],"about":[{"href":"https:\/\/ead.unipac.br\/index.php?rest_route=\/wp\/v2\/types\/page"}],"author":[{"embeddable":true,"href":"https:\/\/ead.unipac.br\/index.php?rest_route=\/wp\/v2\/users\/7"}],"replies":[{"embeddable":true,"href":"https:\/\/ead.unipac.br\/index.php?rest_route=%2Fwp%2Fv2%2Fcomments&post=6067"}],"version-history":[{"count":23,"href":"https:\/\/ead.unipac.br\/index.php?rest_route=\/wp\/v2\/pages\/6067\/revisions"}],"predecessor-version":[{"id":6178,"href":"https:\/\/ead.unipac.br\/index.php?rest_route=\/wp\/v2\/pages\/6067\/revisions\/6178"}],"wp:attachment":[{"href":"https:\/\/ead.unipac.br\/index.php?rest_route=%2Fwp%2Fv2%2Fmedia&parent=6067"}],"curies":[{"name":"wp","href":"https:\/\/api.w.org\/{rel}","templated":true}]}}