{"id":5987,"date":"2024-04-30T11:40:29","date_gmt":"2024-04-30T14:40:29","guid":{"rendered":"https:\/\/ead.unipac.br\/?page_id=5987"},"modified":"2024-04-30T11:50:33","modified_gmt":"2024-04-30T14:50:33","slug":"sedoca","status":"publish","type":"page","link":"https:\/\/ead.unipac.br\/?page_id=5987","title":{"rendered":"SEDOCA"},"content":{"rendered":"\t\t<div data-elementor-type=\"wp-page\" data-elementor-id=\"5987\" class=\"elementor elementor-5987\" data-elementor-post-type=\"page\">\n\t\t\t\t<div class=\"elementor-element elementor-element-9c3fd76 e-flex e-con-boxed wpr-particle-no wpr-jarallax-no wpr-parallax-no wpr-sticky-section-no e-con e-parent\" data-id=\"9c3fd76\" data-element_type=\"container\">\n\t\t\t\t\t<div class=\"e-con-inner\">\n\t\t\t\t<div class=\"elementor-element elementor-element-c9eb558 elementor-widget elementor-widget-spacer\" data-id=\"c9eb558\" data-element_type=\"widget\" data-widget_type=\"spacer.default\">\n\t\t\t\t<div class=\"elementor-widget-container\">\n\t\t\t<style>\/*! elementor - v3.22.0 - 26-06-2024 *\/\n.elementor-column .elementor-spacer-inner{height:var(--spacer-size)}.e-con{--container-widget-width:100%}.e-con-inner>.elementor-widget-spacer,.e-con>.elementor-widget-spacer{width:var(--container-widget-width,var(--spacer-size));--align-self:var(--container-widget-align-self,initial);--flex-shrink:0}.e-con-inner>.elementor-widget-spacer>.elementor-widget-container,.e-con>.elementor-widget-spacer>.elementor-widget-container{height:100%;width:100%}.e-con-inner>.elementor-widget-spacer>.elementor-widget-container>.elementor-spacer,.e-con>.elementor-widget-spacer>.elementor-widget-container>.elementor-spacer{height:100%}.e-con-inner>.elementor-widget-spacer>.elementor-widget-container>.elementor-spacer>.elementor-spacer-inner,.e-con>.elementor-widget-spacer>.elementor-widget-container>.elementor-spacer>.elementor-spacer-inner{height:var(--container-widget-height,var(--spacer-size))}.e-con-inner>.elementor-widget-spacer.elementor-widget-empty,.e-con>.elementor-widget-spacer.elementor-widget-empty{position:relative;min-height:22px;min-width:22px}.e-con-inner>.elementor-widget-spacer.elementor-widget-empty .elementor-widget-empty-icon,.e-con>.elementor-widget-spacer.elementor-widget-empty .elementor-widget-empty-icon{position:absolute;top:0;bottom:0;left:0;right:0;margin:auto;padding:0;width:22px;height:22px}<\/style>\t\t<div class=\"elementor-spacer\">\n\t\t\t<div class=\"elementor-spacer-inner\"><\/div>\n\t\t<\/div>\n\t\t\t\t<\/div>\n\t\t\t\t<\/div>\n\t\t\t\t\t<\/div>\n\t\t\t\t<\/div>\n\t\t<div class=\"elementor-element elementor-element-80fb85a e-flex e-con-boxed wpr-particle-no wpr-jarallax-no wpr-parallax-no wpr-sticky-section-no e-con e-parent\" data-id=\"80fb85a\" data-element_type=\"container\">\n\t\t\t\t\t<div class=\"e-con-inner\">\n\t\t\t\t<div class=\"elementor-element elementor-element-497f154 elementor-widget elementor-widget-heading\" data-id=\"497f154\" data-element_type=\"widget\" data-widget_type=\"heading.default\">\n\t\t\t\t<div class=\"elementor-widget-container\">\n\t\t\t<style>\/*! elementor - v3.22.0 - 26-06-2024 *\/\n.elementor-heading-title{padding:0;margin:0;line-height:1}.elementor-widget-heading .elementor-heading-title[class*=elementor-size-]>a{color:inherit;font-size:inherit;line-height:inherit}.elementor-widget-heading .elementor-heading-title.elementor-size-small{font-size:15px}.elementor-widget-heading .elementor-heading-title.elementor-size-medium{font-size:19px}.elementor-widget-heading .elementor-heading-title.elementor-size-large{font-size:29px}.elementor-widget-heading .elementor-heading-title.elementor-size-xl{font-size:39px}.elementor-widget-heading .elementor-heading-title.elementor-size-xxl{font-size:59px}<\/style><h2 class=\"elementor-heading-title elementor-size-default\">SEDOCA - Solicita\u00e7\u00e3o de documentos\n<\/h2>\t\t<\/div>\n\t\t\t\t<\/div>\n\t\t\t\t\t<\/div>\n\t\t\t\t<\/div>\n\t\t<div class=\"elementor-element elementor-element-bf883e1 e-flex e-con-boxed wpr-particle-no wpr-jarallax-no wpr-parallax-no wpr-sticky-section-no e-con e-parent\" data-id=\"bf883e1\" data-element_type=\"container\">\n\t\t\t\t\t<div class=\"e-con-inner\">\n\t\t\t\t<div class=\"elementor-element elementor-element-207f52c elementor-widget elementor-widget-text-editor\" data-id=\"207f52c\" data-element_type=\"widget\" data-widget_type=\"text-editor.default\">\n\t\t\t\t<div class=\"elementor-widget-container\">\n\t\t\t<style>\/*! elementor - v3.22.0 - 26-06-2024 *\/\n.elementor-widget-text-editor.elementor-drop-cap-view-stacked .elementor-drop-cap{background-color:#69727d;color:#fff}.elementor-widget-text-editor.elementor-drop-cap-view-framed .elementor-drop-cap{color:#69727d;border:3px solid;background-color:transparent}.elementor-widget-text-editor:not(.elementor-drop-cap-view-default) .elementor-drop-cap{margin-top:8px}.elementor-widget-text-editor:not(.elementor-drop-cap-view-default) .elementor-drop-cap-letter{width:1em;height:1em}.elementor-widget-text-editor .elementor-drop-cap{float:left;text-align:center;line-height:1;font-size:50px}.elementor-widget-text-editor .elementor-drop-cap-letter{display:inline-block}<\/style>\t\t\t\t<p>O Servi\u00e7o de Documenta\u00e7\u00e3o e Arquivo &#8211; SEDOCA da FUPAC atua na guarda dos documentos da Institui\u00e7\u00e3o conforme rege a lei federal n\u00b0 8.159 de janeiro de 1991. No que diz respeito \u00e0 centraliza\u00e7\u00e3o do acervo documental, guarda e utiliza\u00e7\u00e3o de todos os documentos de egressos da FUPAC\/ Centro UNIPAC, de seus setores e das Unidades que tiveram suas atividades encerradas.<\/p><p>Para fazer sua solicita\u00e7\u00e3o siga as instru\u00e7\u00f5es abaixo:<\/p><p>Ap\u00f3s o cadastro, o aluno receber\u00e1 via e-mail o boleto correspondente \u00e0 solicita\u00e7\u00e3o nos valores abaixo relacionados.<\/p><ul><li>Hist\u00f3rico escolar 2\u00ba via: R$50,00<\/li><li>Programa de disciplinas: R$50,00 por per\u00edodo | R$15,00 por disciplina<\/li><li>Declara\u00e7\u00f5es: R$50,00<\/li><li>2\u00aa via de Diploma de gradua\u00e7\u00e3o: R$300,00<\/li><\/ul><p>Logo ap\u00f3s a confirma\u00e7\u00e3o do pagamento, documentos como: HIST\u00d3RICO, DECLARA\u00c7\u00c3O, EMENTAS\/PROGRAMAS DE DISCIPLINA ser\u00e3o enviados em at\u00e9 20 dias \u00fateis; DIPLOMA em at\u00e9 180 dias \u00fateis, via correios, para o endere\u00e7o informado, com o aviso de recebimento (AR).<\/p><p>Contato pelo telefone\u00a0<b>(32) 3339-4975<\/b>\u00a0ou email\u00a0<b>sedoca@unipac.br<\/b><\/p>\t\t\t\t\t\t<\/div>\n\t\t\t\t<\/div>\n\t\t\t\t\t<\/div>\n\t\t\t\t<\/div>\n\t\t<div class=\"elementor-element elementor-element-42fb39b e-flex e-con-boxed wpr-particle-no wpr-jarallax-no wpr-parallax-no wpr-sticky-section-no e-con e-parent\" data-id=\"42fb39b\" data-element_type=\"container\">\n\t\t\t\t\t<div class=\"e-con-inner\">\n\t\t\t\t\t<\/div>\n\t\t\t\t<\/div>\n\t\t\t\t<\/div>\n\t\t","protected":false},"excerpt":{"rendered":"<p>SEDOCA &#8211; Solicita\u00e7\u00e3o de documentos O Servi\u00e7o de Documenta\u00e7\u00e3o e Arquivo &#8211; SEDOCA da FUPAC atua na guarda dos documentos da Institui\u00e7\u00e3o conforme rege a lei federal n\u00b0 8.159 de janeiro de 1991. No que diz respeito \u00e0 centraliza\u00e7\u00e3o do acervo documental, guarda e utiliza\u00e7\u00e3o de todos os documentos de egressos da FUPAC\/ Centro UNIPAC, [&hellip;]<\/p>\n","protected":false},"author":7,"featured_media":0,"parent":0,"menu_order":0,"comment_status":"closed","ping_status":"closed","template":"elementor_header_footer","meta":{"footnotes":""},"class_list":["post-5987","page","type-page","status-publish","hentry"],"acf":[],"_links":{"self":[{"href":"https:\/\/ead.unipac.br\/index.php?rest_route=\/wp\/v2\/pages\/5987","targetHints":{"allow":["GET"]}}],"collection":[{"href":"https:\/\/ead.unipac.br\/index.php?rest_route=\/wp\/v2\/pages"}],"about":[{"href":"https:\/\/ead.unipac.br\/index.php?rest_route=\/wp\/v2\/types\/page"}],"author":[{"embeddable":true,"href":"https:\/\/ead.unipac.br\/index.php?rest_route=\/wp\/v2\/users\/7"}],"replies":[{"embeddable":true,"href":"https:\/\/ead.unipac.br\/index.php?rest_route=%2Fwp%2Fv2%2Fcomments&post=5987"}],"version-history":[{"count":4,"href":"https:\/\/ead.unipac.br\/index.php?rest_route=\/wp\/v2\/pages\/5987\/revisions"}],"predecessor-version":[{"id":5991,"href":"https:\/\/ead.unipac.br\/index.php?rest_route=\/wp\/v2\/pages\/5987\/revisions\/5991"}],"wp:attachment":[{"href":"https:\/\/ead.unipac.br\/index.php?rest_route=%2Fwp%2Fv2%2Fmedia&parent=5987"}],"curies":[{"name":"wp","href":"https:\/\/api.w.org\/{rel}","templated":true}]}}