{"id":5709,"date":"2024-04-25T13:57:04","date_gmt":"2024-04-25T16:57:04","guid":{"rendered":"https:\/\/ead.unipac.br\/?page_id=5709"},"modified":"2024-04-25T13:58:48","modified_gmt":"2024-04-25T16:58:48","slug":"breve-historico","status":"publish","type":"page","link":"https:\/\/ead.unipac.br\/?page_id=5709","title":{"rendered":"Breve Hist\u00f3rico"},"content":{"rendered":"\t\t<div data-elementor-type=\"wp-page\" data-elementor-id=\"5709\" class=\"elementor elementor-5709\" data-elementor-post-type=\"page\">\n\t\t\t\t<div class=\"elementor-element elementor-element-2349a33 e-flex e-con-boxed wpr-particle-no wpr-jarallax-no wpr-parallax-no wpr-sticky-section-no e-con e-parent\" data-id=\"2349a33\" data-element_type=\"container\">\n\t\t\t\t\t<div class=\"e-con-inner\">\n\t\t\t\t<div class=\"elementor-element elementor-element-f532377 elementor-widget__width-initial elementor-widget elementor-widget-text-editor\" data-id=\"f532377\" data-element_type=\"widget\" data-widget_type=\"text-editor.default\">\n\t\t\t\t<div class=\"elementor-widget-container\">\n\t\t\t<style>\/*! elementor - v3.22.0 - 26-06-2024 *\/\n.elementor-widget-text-editor.elementor-drop-cap-view-stacked .elementor-drop-cap{background-color:#69727d;color:#fff}.elementor-widget-text-editor.elementor-drop-cap-view-framed .elementor-drop-cap{color:#69727d;border:3px solid;background-color:transparent}.elementor-widget-text-editor:not(.elementor-drop-cap-view-default) .elementor-drop-cap{margin-top:8px}.elementor-widget-text-editor:not(.elementor-drop-cap-view-default) .elementor-drop-cap-letter{width:1em;height:1em}.elementor-widget-text-editor .elementor-drop-cap{float:left;text-align:center;line-height:1;font-size:50px}.elementor-widget-text-editor .elementor-drop-cap-letter{display:inline-block}<\/style>\t\t\t\t<p>O Presidente Ant\u00f4nio Carlos, barbacenense ilustre, que criou a Universidade de Minas Gerais,<br>em 1928, a primeira do Brasil, foi o reformador do ensino no seu Estado, com evidentes<br>repercuss\u00f5es em todo o Pa\u00eds, quando governava os mineiros.&nbsp;<\/p><p>Essa tradi\u00e7\u00e3o despertou nos meios educacionais da cidade de Barbacena a esperan\u00e7a da cria\u00e7\u00e3o de escolas superiores.&nbsp;Em 1963, o Deputado Bonif\u00e1cio de Andrada, por meio de um projeto de lei, criou a Funda\u00e7\u00e3o&nbsp;Universit\u00e1ria da Mantiqueira na sua terra natal, a qual, por iniciativa do Deputado Hilo<br>Andrade, passou a denominar-se Funda\u00e7\u00e3o Presidente Ant\u00f4nio Carlos. Em 1965, quando o<br>Deputado Bonif\u00e1cio de Andrada assumiu a Secretaria de Estado de Educa\u00e7\u00e3o de Minas Gerais e<br>transformou em realidade o seu projeto de lei, surge, assim, a Funda\u00e7\u00e3o Presidente Ant\u00f4nio<br>Carlos (FUPAC) que se dedicaria \u00e0 cria\u00e7\u00e3o de institui\u00e7\u00f5es de ensino superior, inclusive em<br>outros munic\u00edpios, al\u00e9m de Barbacena.<\/p><p>Em 1966, data do in\u00edcio das atividades da FUPAC, foram criadas as Faculdades de Filosofia,<br>Ci\u00eancias e Letras e a Faculdade de Ci\u00eancias Econ\u00f4micas. Em seguida, surgiram as Faculdades de<br>Direito e Medicina, esta \u00faltima, passou a partir de 1970 a pertencer \u00e0 Funda\u00e7\u00e3o Jos\u00e9 Bonif\u00e1cio<br>Lafayette de Andrada \u2013 FUNJOBE.<\/p><p>At\u00e9 outubro de 2017 a FUPAC mantinha a UNIVERSIDADE PRESIDENTE ANT\u00d4NIO CARLOS<br>(UNIPAC) e um conjunto de Faculdades nas quais funcionam cursos de gradua\u00e7\u00e3o nas diversas<br>\u00e1reas do conhecimento. Por decis\u00e3o e a pedido da mantenedora, atrav\u00e9s do Of\u00edcio FUPAC\/BH n.\u00ba 05\/2017, a UNIPAC muda de categoria administrativa para Centro Universit\u00e1rio, recebendo a denomina\u00e7\u00e3o de<br>CENTRO UNIVERSIT\u00c1RIO PRESIDENTE ANT\u00d4NIO CARLOS (UNIPAC).<\/p>\t\t\t\t\t\t<\/div>\n\t\t\t\t<\/div>\n\t\t\t\t\t<\/div>\n\t\t\t\t<\/div>\n\t\t\t\t<\/div>\n\t\t","protected":false},"excerpt":{"rendered":"<p>O Presidente Ant\u00f4nio Carlos, barbacenense ilustre, que criou a Universidade de Minas Gerais,em 1928, a primeira do Brasil, foi o reformador do ensino no seu Estado, com evidentesrepercuss\u00f5es em todo o Pa\u00eds, quando governava os mineiros.&nbsp; Essa tradi\u00e7\u00e3o despertou nos meios educacionais da cidade de Barbacena a esperan\u00e7a da cria\u00e7\u00e3o de escolas superiores.&nbsp;Em 1963, o [&hellip;]<\/p>\n","protected":false},"author":7,"featured_media":0,"parent":0,"menu_order":0,"comment_status":"closed","ping_status":"closed","template":"elementor_header_footer","meta":{"footnotes":""},"class_list":["post-5709","page","type-page","status-publish","hentry"],"acf":[],"_links":{"self":[{"href":"https:\/\/ead.unipac.br\/index.php?rest_route=\/wp\/v2\/pages\/5709","targetHints":{"allow":["GET"]}}],"collection":[{"href":"https:\/\/ead.unipac.br\/index.php?rest_route=\/wp\/v2\/pages"}],"about":[{"href":"https:\/\/ead.unipac.br\/index.php?rest_route=\/wp\/v2\/types\/page"}],"author":[{"embeddable":true,"href":"https:\/\/ead.unipac.br\/index.php?rest_route=\/wp\/v2\/users\/7"}],"replies":[{"embeddable":true,"href":"https:\/\/ead.unipac.br\/index.php?rest_route=%2Fwp%2Fv2%2Fcomments&post=5709"}],"version-history":[{"count":3,"href":"https:\/\/ead.unipac.br\/index.php?rest_route=\/wp\/v2\/pages\/5709\/revisions"}],"predecessor-version":[{"id":5712,"href":"https:\/\/ead.unipac.br\/index.php?rest_route=\/wp\/v2\/pages\/5709\/revisions\/5712"}],"wp:attachment":[{"href":"https:\/\/ead.unipac.br\/index.php?rest_route=%2Fwp%2Fv2%2Fmedia&parent=5709"}],"curies":[{"name":"wp","href":"https:\/\/api.w.org\/{rel}","templated":true}]}}