{"id":5674,"date":"2024-04-22T14:32:35","date_gmt":"2024-04-22T17:32:35","guid":{"rendered":"https:\/\/ead.unipac.br\/?page_id=5674"},"modified":"2024-04-22T14:33:48","modified_gmt":"2024-04-22T17:33:48","slug":"estagio","status":"publish","type":"page","link":"https:\/\/ead.unipac.br\/?page_id=5674","title":{"rendered":"Est\u00e1gio"},"content":{"rendered":"\t\t<div data-elementor-type=\"wp-page\" data-elementor-id=\"5674\" class=\"elementor elementor-5674\" data-elementor-post-type=\"page\">\n\t\t\t\t<div class=\"elementor-element elementor-element-231b3af e-flex wpr-particle-no wpr-jarallax-no wpr-parallax-no wpr-sticky-section-no e-con-boxed e-con e-parent\" data-id=\"231b3af\" data-element_type=\"container\">\n\t\t\t\t\t<div class=\"e-con-inner\">\n\t\t\t\t<div class=\"elementor-element elementor-element-2f3feed elementor-widget elementor-widget-spacer\" data-id=\"2f3feed\" data-element_type=\"widget\" data-widget_type=\"spacer.default\">\n\t\t\t\t<div class=\"elementor-widget-container\">\n\t\t\t<style>\/*! elementor - v3.22.0 - 26-06-2024 *\/\n.elementor-column .elementor-spacer-inner{height:var(--spacer-size)}.e-con{--container-widget-width:100%}.e-con-inner>.elementor-widget-spacer,.e-con>.elementor-widget-spacer{width:var(--container-widget-width,var(--spacer-size));--align-self:var(--container-widget-align-self,initial);--flex-shrink:0}.e-con-inner>.elementor-widget-spacer>.elementor-widget-container,.e-con>.elementor-widget-spacer>.elementor-widget-container{height:100%;width:100%}.e-con-inner>.elementor-widget-spacer>.elementor-widget-container>.elementor-spacer,.e-con>.elementor-widget-spacer>.elementor-widget-container>.elementor-spacer{height:100%}.e-con-inner>.elementor-widget-spacer>.elementor-widget-container>.elementor-spacer>.elementor-spacer-inner,.e-con>.elementor-widget-spacer>.elementor-widget-container>.elementor-spacer>.elementor-spacer-inner{height:var(--container-widget-height,var(--spacer-size))}.e-con-inner>.elementor-widget-spacer.elementor-widget-empty,.e-con>.elementor-widget-spacer.elementor-widget-empty{position:relative;min-height:22px;min-width:22px}.e-con-inner>.elementor-widget-spacer.elementor-widget-empty .elementor-widget-empty-icon,.e-con>.elementor-widget-spacer.elementor-widget-empty .elementor-widget-empty-icon{position:absolute;top:0;bottom:0;left:0;right:0;margin:auto;padding:0;width:22px;height:22px}<\/style>\t\t<div class=\"elementor-spacer\">\n\t\t\t<div class=\"elementor-spacer-inner\"><\/div>\n\t\t<\/div>\n\t\t\t\t<\/div>\n\t\t\t\t<\/div>\n\t\t\t\t\t<\/div>\n\t\t\t\t<\/div>\n\t\t<div class=\"elementor-element elementor-element-c4e8e1c e-flex wpr-particle-no wpr-jarallax-no wpr-parallax-no wpr-sticky-section-no e-con-boxed e-con e-parent\" data-id=\"c4e8e1c\" data-element_type=\"container\">\n\t\t\t\t\t<div class=\"e-con-inner\">\n\t\t\t\t<div class=\"elementor-element elementor-element-e3c2125 elementor-widget elementor-widget-heading\" data-id=\"e3c2125\" data-element_type=\"widget\" data-widget_type=\"heading.default\">\n\t\t\t\t<div class=\"elementor-widget-container\">\n\t\t\t<style>\/*! elementor - v3.22.0 - 26-06-2024 *\/\n.elementor-heading-title{padding:0;margin:0;line-height:1}.elementor-widget-heading .elementor-heading-title[class*=elementor-size-]>a{color:inherit;font-size:inherit;line-height:inherit}.elementor-widget-heading .elementor-heading-title.elementor-size-small{font-size:15px}.elementor-widget-heading .elementor-heading-title.elementor-size-medium{font-size:19px}.elementor-widget-heading .elementor-heading-title.elementor-size-large{font-size:29px}.elementor-widget-heading .elementor-heading-title.elementor-size-xl{font-size:39px}.elementor-widget-heading .elementor-heading-title.elementor-size-xxl{font-size:59px}<\/style><h2 class=\"elementor-heading-title elementor-size-default\">Est\u00e1gio e Empregabilidades<\/h2>\t\t<\/div>\n\t\t\t\t<\/div>\n\t\t\t\t\t<\/div>\n\t\t\t\t<\/div>\n\t\t<div class=\"elementor-element elementor-element-f1ff345 e-flex wpr-particle-no wpr-jarallax-no wpr-parallax-no wpr-sticky-section-no e-con-boxed e-con e-parent\" data-id=\"f1ff345\" data-element_type=\"container\">\n\t\t\t\t\t<div class=\"e-con-inner\">\n\t\t\t\t<div class=\"elementor-element elementor-element-bf055ae elementor-widget elementor-widget-text-editor\" data-id=\"bf055ae\" data-element_type=\"widget\" data-widget_type=\"text-editor.default\">\n\t\t\t\t<div class=\"elementor-widget-container\">\n\t\t\t<style>\/*! elementor - v3.22.0 - 26-06-2024 *\/\n.elementor-widget-text-editor.elementor-drop-cap-view-stacked .elementor-drop-cap{background-color:#69727d;color:#fff}.elementor-widget-text-editor.elementor-drop-cap-view-framed .elementor-drop-cap{color:#69727d;border:3px solid;background-color:transparent}.elementor-widget-text-editor:not(.elementor-drop-cap-view-default) .elementor-drop-cap{margin-top:8px}.elementor-widget-text-editor:not(.elementor-drop-cap-view-default) .elementor-drop-cap-letter{width:1em;height:1em}.elementor-widget-text-editor .elementor-drop-cap{float:left;text-align:center;line-height:1;font-size:50px}.elementor-widget-text-editor .elementor-drop-cap-letter{display:inline-block}<\/style>\t\t\t\t<div id=\"page-npj\"><div class=\"content\"><div class=\"container\"><div class=\"row top-buffer-15\"><div class=\"col-md-7\"><p>O Centro Universit\u00e1rio Presidente Ant\u00f4nio Carlos &#8211; UNIPAC Barbacena conta com o Setor de Articula\u00e7\u00e3o e Supervis\u00e3o de Est\u00e1gios, respons\u00e1vel pelas quest\u00f5es relativas aos est\u00e1gios, ao credenciamento de empresas e profissionais liberais, dentre outros.<\/p><p>Al\u00e9m disso, tamb\u00e9m \u00e9 respons\u00e1vel pela Sala de Empregabilidade, um projeto que visa proporcionar ao aluno uma vis\u00e3o do mercado de trabalho, deixando-o mais pr\u00f3ximo de conseguir seu t\u00e3o sonhado primeiro emprego, alguns de nossos objetivos s\u00e3o:<\/p><ul><li>Selecionar, em parceria com empresas parceiras, as oportunidades profissionais (vagas de emprego) dispon\u00edveis no mercado. E divulg\u00e1-las para os alunos Unipac;<\/li><li>Divulgar vagas de est\u00e1gio, programas de trainee e concursos p\u00fablicos.<\/li><li>Fomentar palestras de forma\u00e7\u00e3o \u00fanica e continuada com profissionais de refer\u00eancias no mercado para falar sobre Carreira e Empregabilidade tratando de temas como: Autoconhecimento, Potencialidades e fraquezas pessoais, Marketing pessoal, Comunica\u00e7\u00e3o, Relacionamento Interpessoal, Simula\u00e7\u00e3o de Entrevistas de Emprego, Elabora\u00e7\u00e3o de Curr\u00edculos, dentro outros.<\/li><\/ul><p>Neste espa\u00e7o, voc\u00ea consegue ficar por dentro das vagas de est\u00e1gios disponibilizadas, dos eventos realizados pela Sala de Empregabilidade, al\u00e9m de realizar o preenchimento de toda a documenta\u00e7\u00e3o referente ao est\u00e1gio, baixar o manual e consultar a rela\u00e7\u00e3o de empresas e profissionais j\u00e1 conveniados (a rela\u00e7\u00e3o das empresas conveniadas est\u00e1 sujeita a atualiza\u00e7\u00f5es).<\/p><p>Respons\u00e1vel: Let\u00edcia Milagres | (32) 3339- 4989 |\u00a0<a href=\"mailto:estagio@unipac.br\">estagio@unipac.br<\/a><\/p><\/div><\/div><\/div><\/div><\/div>\t\t\t\t\t\t<\/div>\n\t\t\t\t<\/div>\n\t\t\t\t\t<\/div>\n\t\t\t\t<\/div>\n\t\t<div class=\"elementor-element elementor-element-6090fad e-flex wpr-particle-no wpr-jarallax-no wpr-parallax-no wpr-sticky-section-no e-con-boxed e-con e-parent\" data-id=\"6090fad\" data-element_type=\"container\">\n\t\t\t\t\t<div class=\"e-con-inner\">\n\t\t\t\t<div class=\"elementor-element elementor-element-e23b906 elementor-widget elementor-widget-button\" data-id=\"e23b906\" data-element_type=\"widget\" data-widget_type=\"button.default\">\n\t\t\t\t<div class=\"elementor-widget-container\">\n\t\t\t\t\t<div class=\"elementor-button-wrapper\">\n\t\t\t<a class=\"elementor-button elementor-button-link elementor-size-md\" href=\"https:\/\/www.unipac.br\/barbacena\/wp-content\/uploads\/sites\/2\/2022\/06\/Manual-de-EstagiosUNIPAC.pdf\">\n\t\t\t\t\t\t<span class=\"elementor-button-content-wrapper\">\n\t\t\t\t\t\t\t\t\t<span class=\"elementor-button-text\">Orienta\u00e7\u00f5es para est\u00e1gio<\/span>\n\t\t\t\t\t<\/span>\n\t\t\t\t\t<\/a>\n\t\t<\/div>\n\t\t\t\t<\/div>\n\t\t\t\t<\/div>\n\t\t\t\t<div class=\"elementor-element elementor-element-3d5ac97 elementor-widget elementor-widget-button\" data-id=\"3d5ac97\" data-element_type=\"widget\" data-widget_type=\"button.default\">\n\t\t\t\t<div class=\"elementor-widget-container\">\n\t\t\t\t\t<div class=\"elementor-button-wrapper\">\n\t\t\t<a class=\"elementor-button elementor-button-link elementor-size-md\" href=\"https:\/\/www.unipac.br\/barbacena\/estagio\/#:~:text=Solicita%C3%A7%C3%B5es%3A,uma%20Empresa%20Conveniada\">\n\t\t\t\t\t\t<span class=\"elementor-button-content-wrapper\">\n\t\t\t\t\t\t\t\t\t<span class=\"elementor-button-text\">Empresas conveniadas<\/span>\n\t\t\t\t\t<\/span>\n\t\t\t\t\t<\/a>\n\t\t<\/div>\n\t\t\t\t<\/div>\n\t\t\t\t<\/div>\n\t\t\t\t<div class=\"elementor-element elementor-element-6a97ff6 elementor-widget elementor-widget-button\" data-id=\"6a97ff6\" data-element_type=\"widget\" data-widget_type=\"button.default\">\n\t\t\t\t<div class=\"elementor-widget-container\">\n\t\t\t\t\t<div class=\"elementor-button-wrapper\">\n\t\t\t<a class=\"elementor-button elementor-button-link elementor-size-md\" href=\"https:\/\/termocompromisso.unipac.br\/\">\n\t\t\t\t\t\t<span class=\"elementor-button-content-wrapper\">\n\t\t\t\t\t\t\t\t\t<span class=\"elementor-button-text\">Termo de compromisso para est\u00e1gio<\/span>\n\t\t\t\t\t<\/span>\n\t\t\t\t\t<\/a>\n\t\t<\/div>\n\t\t\t\t<\/div>\n\t\t\t\t<\/div>\n\t\t\t\t<div class=\"elementor-element elementor-element-e176336 elementor-widget elementor-widget-button\" data-id=\"e176336\" data-element_type=\"widget\" data-widget_type=\"button.default\">\n\t\t\t\t<div class=\"elementor-widget-container\">\n\t\t\t\t\t<div class=\"elementor-button-wrapper\">\n\t\t\t<a class=\"elementor-button elementor-button-link elementor-size-md\" href=\"https:\/\/www.unipac.br\/barbacena\/estagio\/\">\n\t\t\t\t\t\t<span class=\"elementor-button-content-wrapper\">\n\t\t\t\t\t\t\t\t\t<span class=\"elementor-button-text\">Seja uma empresa conveniada<\/span>\n\t\t\t\t\t<\/span>\n\t\t\t\t\t<\/a>\n\t\t<\/div>\n\t\t\t\t<\/div>\n\t\t\t\t<\/div>\n\t\t\t\t\t<\/div>\n\t\t\t\t<\/div>\n\t\t\t\t<\/div>\n\t\t","protected":false},"excerpt":{"rendered":"<p>Est\u00e1gio e Empregabilidades O Centro Universit\u00e1rio Presidente Ant\u00f4nio Carlos &#8211; UNIPAC Barbacena conta com o Setor de Articula\u00e7\u00e3o e Supervis\u00e3o de Est\u00e1gios, respons\u00e1vel pelas quest\u00f5es relativas aos est\u00e1gios, ao credenciamento de empresas e profissionais liberais, dentre outros. Al\u00e9m disso, tamb\u00e9m \u00e9 respons\u00e1vel pela Sala de Empregabilidade, um projeto que visa proporcionar ao aluno uma vis\u00e3o [&hellip;]<\/p>\n","protected":false},"author":7,"featured_media":0,"parent":0,"menu_order":0,"comment_status":"closed","ping_status":"closed","template":"elementor_header_footer","meta":{"footnotes":""},"class_list":["post-5674","page","type-page","status-publish","hentry"],"acf":[],"_links":{"self":[{"href":"https:\/\/ead.unipac.br\/index.php?rest_route=\/wp\/v2\/pages\/5674","targetHints":{"allow":["GET"]}}],"collection":[{"href":"https:\/\/ead.unipac.br\/index.php?rest_route=\/wp\/v2\/pages"}],"about":[{"href":"https:\/\/ead.unipac.br\/index.php?rest_route=\/wp\/v2\/types\/page"}],"author":[{"embeddable":true,"href":"https:\/\/ead.unipac.br\/index.php?rest_route=\/wp\/v2\/users\/7"}],"replies":[{"embeddable":true,"href":"https:\/\/ead.unipac.br\/index.php?rest_route=%2Fwp%2Fv2%2Fcomments&post=5674"}],"version-history":[{"count":4,"href":"https:\/\/ead.unipac.br\/index.php?rest_route=\/wp\/v2\/pages\/5674\/revisions"}],"predecessor-version":[{"id":5678,"href":"https:\/\/ead.unipac.br\/index.php?rest_route=\/wp\/v2\/pages\/5674\/revisions\/5678"}],"wp:attachment":[{"href":"https:\/\/ead.unipac.br\/index.php?rest_route=%2Fwp%2Fv2%2Fmedia&parent=5674"}],"curies":[{"name":"wp","href":"https:\/\/api.w.org\/{rel}","templated":true}]}}