{"id":5664,"date":"2024-04-22T14:29:56","date_gmt":"2024-04-22T17:29:56","guid":{"rendered":"https:\/\/ead.unipac.br\/?page_id=5664"},"modified":"2024-04-30T15:37:51","modified_gmt":"2024-04-30T18:37:51","slug":"nap","status":"publish","type":"page","link":"https:\/\/ead.unipac.br\/?page_id=5664","title":{"rendered":"NAP"},"content":{"rendered":"\t\t<div data-elementor-type=\"wp-page\" data-elementor-id=\"5664\" class=\"elementor elementor-5664\" data-elementor-post-type=\"page\">\n\t\t\t\t<div class=\"elementor-element elementor-element-72ca3eb e-flex e-con-boxed wpr-particle-no wpr-jarallax-no wpr-parallax-no wpr-sticky-section-no e-con e-parent\" data-id=\"72ca3eb\" data-element_type=\"container\">\n\t\t\t\t\t<div class=\"e-con-inner\">\n\t\t\t\t<div class=\"elementor-element elementor-element-d2021ec elementor-widget elementor-widget-heading\" data-id=\"d2021ec\" data-element_type=\"widget\" data-widget_type=\"heading.default\">\n\t\t\t\t<div class=\"elementor-widget-container\">\n\t\t\t<style>\/*! elementor - v3.22.0 - 26-06-2024 *\/\n.elementor-heading-title{padding:0;margin:0;line-height:1}.elementor-widget-heading .elementor-heading-title[class*=elementor-size-]>a{color:inherit;font-size:inherit;line-height:inherit}.elementor-widget-heading .elementor-heading-title.elementor-size-small{font-size:15px}.elementor-widget-heading .elementor-heading-title.elementor-size-medium{font-size:19px}.elementor-widget-heading .elementor-heading-title.elementor-size-large{font-size:29px}.elementor-widget-heading .elementor-heading-title.elementor-size-xl{font-size:39px}.elementor-widget-heading .elementor-heading-title.elementor-size-xxl{font-size:59px}<\/style><h2 class=\"elementor-heading-title elementor-size-default\">NAP - N\u00facleo de Atendimento Psicopedag\u00f3gico<\/h2>\t\t<\/div>\n\t\t\t\t<\/div>\n\t\t\t\t\t<\/div>\n\t\t\t\t<\/div>\n\t\t<div class=\"elementor-element elementor-element-00eddd0 e-flex e-con-boxed wpr-particle-no wpr-jarallax-no wpr-parallax-no wpr-sticky-section-no e-con e-parent\" data-id=\"00eddd0\" data-element_type=\"container\">\n\t\t\t\t\t<div class=\"e-con-inner\">\n\t\t\t\t<div class=\"elementor-element elementor-element-8dcd67b elementor-widget elementor-widget-text-editor\" data-id=\"8dcd67b\" data-element_type=\"widget\" data-widget_type=\"text-editor.default\">\n\t\t\t\t<div class=\"elementor-widget-container\">\n\t\t\t<style>\/*! elementor - v3.22.0 - 26-06-2024 *\/\n.elementor-widget-text-editor.elementor-drop-cap-view-stacked .elementor-drop-cap{background-color:#69727d;color:#fff}.elementor-widget-text-editor.elementor-drop-cap-view-framed .elementor-drop-cap{color:#69727d;border:3px solid;background-color:transparent}.elementor-widget-text-editor:not(.elementor-drop-cap-view-default) .elementor-drop-cap{margin-top:8px}.elementor-widget-text-editor:not(.elementor-drop-cap-view-default) .elementor-drop-cap-letter{width:1em;height:1em}.elementor-widget-text-editor .elementor-drop-cap{float:left;text-align:center;line-height:1;font-size:50px}.elementor-widget-text-editor .elementor-drop-cap-letter{display:inline-block}<\/style>\t\t\t\t<div id=\"page-npj\"><div class=\"content\"><div class=\"container\"><div class=\"row top-buffer-15\" style=\"text-align: left;\"><div class=\"col-md-7\"><h3>O que \u00e9 o NAP<\/h3><p>O N\u00facleo consiste numa a\u00e7\u00e3o multidisciplinar, voltada para o atendimento e orienta\u00e7\u00e3o aos acad\u00eamicos, com o intuito de promo\u00e7\u00e3o no processo de ensino e aprendizagem, no campo dos relacionamentos intra e interpessoal, visando sua integra\u00e7\u00e3o acad\u00eamica.<\/p><p>O N\u00facleo proporcionar\u00e1 ao discente, subs\u00eddios, informa\u00e7\u00f5es e assessoramento para que possa refletir, entre outras quest\u00f5es, acerca de sua condi\u00e7\u00e3o acad\u00eamica e emocional no processo de ensino e aprendizagem, visando uma forma\u00e7\u00e3o integral, cognitiva e de inser\u00e7\u00e3o profissional e social.<\/p><p>O N\u00facleo tem como finalidade realizar interven\u00e7\u00f5es breves de cunho psicopedag\u00f3gico e social para o corpo discente, docente e t\u00e9cnico-administrativo desta IES.<\/p><h3>Objetivo<\/h3><p>O N\u00facleo de Apoio Psicopedag\u00f3gico atuar\u00e1 no processo ensino-aprendizagem do discente, se necess\u00e1rio, integrante desta institui\u00e7\u00e3o, constituindo-se em espa\u00e7o reflexivo de atendimento individual, visando possibilitar o bem-estar do discente na qualidade de sua forma\u00e7\u00e3o e identidade profissional, identificando problem\u00e1ticas que interferem nesse processo, objetivando:<\/p><ul><li style=\"list-style-type: none;\"><ul><li>identificar o perfil da demanda e propor a\u00e7\u00f5es estrat\u00e9gicas e programas para a supera\u00e7\u00e3o de dificuldades e, sobretudo, preveni-las;<\/li><li>planejar procedimento de apoio Psicopedag\u00f3gico que envolva o corpo docente, discente e t\u00e9cnico-administrativo da Institui\u00e7\u00e3o, tendo em vista a potencializa\u00e7\u00e3o e o enriquecimento do processo de amplia\u00e7\u00e3o da qualidade do ensino-aprendizagem;<\/li><li>contribuir para o desenvolvimento integral dos acad\u00eamicos, numa concep\u00e7\u00e3o de interven\u00e7\u00e3o que integre os aspectos emocionais e pedag\u00f3gicos, acompanhando discentes que apresentem dificuldades de aprendizagem, baixos \u00edndices de aproveitamento nas atividades acad\u00eamicas, visando o desenvolvimento de suas compet\u00eancias e habilidades;<\/li><li>orientar o processo de integra\u00e7\u00e3o do corpo discente no contexto universit\u00e1rio, no que se refere \u00e0s dificuldades acad\u00eamicas, proporcionando a identifica\u00e7\u00e3o dos principais fatores envolvidos nessas quest\u00f5es, propondo estrat\u00e9gias de enfrentamento pessoais e institucionais;<\/li><li>realizar atendimento emergencial, quando for o caso, aos discentes, docentes e t\u00e9cnico-administrativos, envolvendo a escuta da situa\u00e7\u00e3o-problema; a identifica\u00e7\u00e3o da \u00e1rea de dificuldade (profissional, pedag\u00f3gica, rela\u00e7\u00f5es interpessoais, entre outras), propiciando reflex\u00e3o para um posicionamento pessoal mais adequado, na supera\u00e7\u00e3o dos problemas e realizando encaminhamentos para profissionais e servi\u00e7os especializados, se necess\u00e1rio;<\/li><li>integrar o N\u00facleo aos eventos e projetos institucionais que possibilitem a conviv\u00eancia dos acad\u00eamicos com o corpo docente e t\u00e9cnico-administrativo;<\/li><li>colaborar, na sua \u00e1rea de especificidade, com \u00f3rg\u00e3os de dire\u00e7\u00e3o, Administra\u00e7\u00e3o e gest\u00e3o do Centro Universit\u00e1rio Presidente Ant\u00f4nio Carlos \u2013 UNIPAC, em sua \u00e1rea de abrang\u00eancia;<\/li><\/ul><\/li><\/ul><center><a href=\"https:\/\/www.unipac.br\/barbacena\/wp-content\/uploads\/sites\/2\/2023\/06\/Regulamento-do-NAPAcessibilidade-Barbacena.pdf\" target=\"_blank\" rel=\"noopener\">CLIQUE AQUI<\/a> e acesse o regulamento do N\u00facleo de Atendimento Psicopedag\u00f3gico.<\/center><\/div><center><\/center><\/div><\/div><\/div><\/div>\t\t\t\t\t\t<\/div>\n\t\t\t\t<\/div>\n\t\t\t\t\t<\/div>\n\t\t\t\t<\/div>\n\t\t<div class=\"elementor-element elementor-element-4c0268d e-flex e-con-boxed wpr-particle-no wpr-jarallax-no wpr-parallax-no wpr-sticky-section-no e-con e-parent\" data-id=\"4c0268d\" data-element_type=\"container\">\n\t\t\t\t\t<div class=\"e-con-inner\">\n\t\t<div class=\"elementor-element elementor-element-1cd1be5 e-con-full e-flex wpr-particle-no wpr-jarallax-no wpr-parallax-no wpr-sticky-section-no e-con e-child\" data-id=\"1cd1be5\" data-element_type=\"container\">\n\t\t\t\t<div class=\"elementor-element elementor-element-baec72e elementor-view-default elementor-position-top elementor-mobile-position-top elementor-widget elementor-widget-icon-box\" data-id=\"baec72e\" data-element_type=\"widget\" data-widget_type=\"icon-box.default\">\n\t\t\t\t<div class=\"elementor-widget-container\">\n\t\t\t<link rel=\"stylesheet\" href=\"https:\/\/ead.unipac.br\/wp-content\/plugins\/elementor\/assets\/css\/widget-icon-box.min.css\">\t\t<div class=\"elementor-icon-box-wrapper\">\n\n\t\t\t\t\t\t<div class=\"elementor-icon-box-icon\">\n\t\t\t\t<span  class=\"elementor-icon elementor-animation-\">\n\t\t\t\t<i aria-hidden=\"true\" class=\"fas fa-phone-alt\"><\/i>\t\t\t\t<\/span>\n\t\t\t<\/div>\n\t\t\t\n\t\t\t\t\t\t<div class=\"elementor-icon-box-content\">\n\n\t\t\t\t\t\t\t\t\t<h3 class=\"elementor-icon-box-title\">\n\t\t\t\t\t\t<span  >\n\t\t\t\t\t\t\tInforma\u00e7\u00f5es e agendamento: \t\t\t\t\t\t<\/span>\n\t\t\t\t\t<\/h3>\n\t\t\t\t\n\t\t\t\t\t\t\t\t\t<p class=\"elementor-icon-box-description\">\n\t\t\t\t\t\t32 3339-4931\t\t\t\t\t<\/p>\n\t\t\t\t\n\t\t\t<\/div>\n\t\t\t\n\t\t<\/div>\n\t\t\t\t<\/div>\n\t\t\t\t<\/div>\n\t\t\t\t<\/div>\n\t\t<div class=\"elementor-element elementor-element-08af98a e-con-full e-flex wpr-particle-no wpr-jarallax-no wpr-parallax-no wpr-sticky-section-no e-con e-child\" data-id=\"08af98a\" data-element_type=\"container\">\n\t\t\t\t<div class=\"elementor-element elementor-element-bfe1dcd premium-cf7-button-fwidth-yes elementor-widget elementor-widget-premium-contact-form\" data-id=\"bfe1dcd\" data-element_type=\"widget\" data-widget_type=\"premium-contact-form.default\">\n\t\t\t\t<div class=\"elementor-widget-container\">\n\t\t\t\r\n\t\t\t\r\n\t\t\t<div class=\"premium-cf7-container\">\r\n\t\t\t\t\n<div class=\"wpcf7 no-js\" id=\"wpcf7-f6010-o1\" lang=\"pt-BR\" dir=\"ltr\">\n<div class=\"screen-reader-response\"><p role=\"status\" aria-live=\"polite\" aria-atomic=\"true\"><\/p> <ul><\/ul><\/div>\n<form action=\"\/index.php?rest_route=%2Fwp%2Fv2%2Fpages%2F5664#wpcf7-f6010-o1\" method=\"post\" class=\"wpcf7-form init\" aria-label=\"Formul\u00e1rios de contato\" novalidate=\"novalidate\" data-status=\"init\">\n<div style=\"display: none;\">\n<input type=\"hidden\" name=\"_wpcf7\" value=\"6010\" \/>\n<input type=\"hidden\" name=\"_wpcf7_version\" value=\"5.9.3\" \/>\n<input type=\"hidden\" name=\"_wpcf7_locale\" value=\"pt_BR\" \/>\n<input type=\"hidden\" name=\"_wpcf7_unit_tag\" value=\"wpcf7-f6010-o1\" \/>\n<input type=\"hidden\" name=\"_wpcf7_container_post\" value=\"0\" \/>\n<input type=\"hidden\" name=\"_wpcf7_posted_data_hash\" value=\"\" \/>\n<\/div>\n<p><label> Seu nome<br \/>\n<span class=\"wpcf7-form-control-wrap\" data-name=\"your-name\"><input size=\"40\" class=\"wpcf7-form-control wpcf7-text wpcf7-validates-as-required\" autocomplete=\"name\" aria-required=\"true\" aria-invalid=\"false\" value=\"\" type=\"text\" name=\"your-name\" \/><\/span> <\/label>\n<\/p>\n<p><label> Seu e-mail<br \/>\n<span class=\"wpcf7-form-control-wrap\" data-name=\"your-email\"><input size=\"40\" class=\"wpcf7-form-control wpcf7-email wpcf7-validates-as-required wpcf7-text wpcf7-validates-as-email\" autocomplete=\"email\" aria-required=\"true\" aria-invalid=\"false\" value=\"\" type=\"email\" name=\"your-email\" \/><\/span> <\/label>\n<\/p>\n<p><label> N\u00famero de matr\u00edcula<br \/>\n<span class=\"wpcf7-form-control-wrap\" data-name=\"your-subject\"><input size=\"40\" class=\"wpcf7-form-control wpcf7-text wpcf7-validates-as-required\" aria-required=\"true\" aria-invalid=\"false\" value=\"\" type=\"text\" name=\"your-subject\" \/><\/span> <\/label>\n<\/p>\n<p><label> Seu telefone<br \/>\n<span class=\"wpcf7-form-control-wrap\" data-name=\"tel-95\"><input size=\"40\" class=\"wpcf7-form-control wpcf7-tel wpcf7-validates-as-required wpcf7-text wpcf7-validates-as-tel\" aria-required=\"true\" aria-invalid=\"false\" value=\"\" type=\"tel\" name=\"tel-95\" \/><\/span> <\/label>\n<\/p>\n<p><label> Sua cidade<br \/>\n<span class=\"wpcf7-form-control-wrap\" data-name=\"your-subject\"><input size=\"40\" class=\"wpcf7-form-control wpcf7-text wpcf7-validates-as-required\" aria-required=\"true\" aria-invalid=\"false\" value=\"\" type=\"text\" name=\"your-subject\" \/><\/span> <\/label>\n<\/p>\n<p><label> Seu curso<br \/>\n<span class=\"wpcf7-form-control-wrap\" data-name=\"your-subject\"><input size=\"40\" class=\"wpcf7-form-control wpcf7-text wpcf7-validates-as-required\" aria-required=\"true\" aria-invalid=\"false\" value=\"\" type=\"text\" name=\"your-subject\" \/><\/span> <\/label>\n<\/p>\n<p><label> Per\u00edodo<br \/>\n<span class=\"wpcf7-form-control-wrap\" data-name=\"your-subject\"><input size=\"40\" class=\"wpcf7-form-control wpcf7-text wpcf7-validates-as-required\" aria-required=\"true\" aria-invalid=\"false\" value=\"\" type=\"text\" name=\"your-subject\" \/><\/span> <\/label>\n<\/p>\n<p><label> Sua mensagem<br \/>\n<span class=\"wpcf7-form-control-wrap\" data-name=\"your-message\"><textarea cols=\"40\" rows=\"10\" class=\"wpcf7-form-control wpcf7-textarea\" aria-invalid=\"false\" name=\"your-message\"><\/textarea><\/span> <\/label>\n<\/p>\n<p><input class=\"wpcf7-form-control wpcf7-submit has-spinner\" type=\"submit\" value=\"Enviar\" \/>\n<\/p><div class=\"wpcf7-response-output\" aria-hidden=\"true\"><\/div>\n<\/form>\n<\/div>\n\t\t\t<\/div>\r\n\r\n\t\t\t\t\t<\/div>\n\t\t\t\t<\/div>\n\t\t\t\t<\/div>\n\t\t\t\t\t<\/div>\n\t\t\t\t<\/div>\n\t\t<div class=\"elementor-element elementor-element-fa5aedc e-flex e-con-boxed wpr-particle-no wpr-jarallax-no wpr-parallax-no wpr-sticky-section-no e-con e-parent\" data-id=\"fa5aedc\" data-element_type=\"container\">\n\t\t\t\t\t<div class=\"e-con-inner\">\n\t\t\t\t\t<\/div>\n\t\t\t\t<\/div>\n\t\t\t\t<\/div>\n\t\t","protected":false},"excerpt":{"rendered":"<p>NAP &#8211; N\u00facleo de Atendimento Psicopedag\u00f3gico O que \u00e9 o NAP O N\u00facleo consiste numa a\u00e7\u00e3o multidisciplinar, voltada para o atendimento e orienta\u00e7\u00e3o aos acad\u00eamicos, com o intuito de promo\u00e7\u00e3o no processo de ensino e aprendizagem, no campo dos relacionamentos intra e interpessoal, visando sua integra\u00e7\u00e3o acad\u00eamica. O N\u00facleo proporcionar\u00e1 ao discente, subs\u00eddios, informa\u00e7\u00f5es e [&hellip;]<\/p>\n","protected":false},"author":7,"featured_media":0,"parent":0,"menu_order":0,"comment_status":"closed","ping_status":"closed","template":"elementor_header_footer","meta":{"footnotes":""},"class_list":["post-5664","page","type-page","status-publish","hentry"],"acf":[],"_links":{"self":[{"href":"https:\/\/ead.unipac.br\/index.php?rest_route=\/wp\/v2\/pages\/5664","targetHints":{"allow":["GET"]}}],"collection":[{"href":"https:\/\/ead.unipac.br\/index.php?rest_route=\/wp\/v2\/pages"}],"about":[{"href":"https:\/\/ead.unipac.br\/index.php?rest_route=\/wp\/v2\/types\/page"}],"author":[{"embeddable":true,"href":"https:\/\/ead.unipac.br\/index.php?rest_route=\/wp\/v2\/users\/7"}],"replies":[{"embeddable":true,"href":"https:\/\/ead.unipac.br\/index.php?rest_route=%2Fwp%2Fv2%2Fcomments&post=5664"}],"version-history":[{"count":16,"href":"https:\/\/ead.unipac.br\/index.php?rest_route=\/wp\/v2\/pages\/5664\/revisions"}],"predecessor-version":[{"id":6014,"href":"https:\/\/ead.unipac.br\/index.php?rest_route=\/wp\/v2\/pages\/5664\/revisions\/6014"}],"wp:attachment":[{"href":"https:\/\/ead.unipac.br\/index.php?rest_route=%2Fwp%2Fv2%2Fmedia&parent=5664"}],"curies":[{"name":"wp","href":"https:\/\/api.w.org\/{rel}","templated":true}]}}