{"id":4420,"date":"2023-03-27T10:21:33","date_gmt":"2023-03-27T13:21:33","guid":{"rendered":"https:\/\/ead.unipac.br\/?page_id=4420"},"modified":"2024-03-18T15:25:04","modified_gmt":"2024-03-18T18:25:04","slug":"engenharia-de-producao","status":"publish","type":"page","link":"https:\/\/ead.unipac.br\/?page_id=4420","title":{"rendered":"Engenharia de Produ\u00e7\u00e3o"},"content":{"rendered":"\t\t<div data-elementor-type=\"wp-page\" data-elementor-id=\"4420\" class=\"elementor elementor-4420\" data-elementor-post-type=\"page\">\n\t\t\t\t<div class=\"elementor-element elementor-element-d83d9cb e-con-full elementor-hidden-desktop e-flex wpr-particle-no wpr-jarallax-no wpr-parallax-no wpr-sticky-section-no e-con e-parent\" data-id=\"d83d9cb\" data-element_type=\"container\" data-settings=\"{&quot;background_background&quot;:&quot;classic&quot;}\">\n\t\t\t\t<div class=\"elementor-element elementor-element-eab507c elementor-widget elementor-widget-image\" data-id=\"eab507c\" data-element_type=\"widget\" data-widget_type=\"image.default\">\n\t\t\t\t<div class=\"elementor-widget-container\">\n\t\t\t<style>\/*! elementor - v3.22.0 - 26-06-2024 *\/\n.elementor-widget-image{text-align:center}.elementor-widget-image a{display:inline-block}.elementor-widget-image a img[src$=\".svg\"]{width:48px}.elementor-widget-image img{vertical-align:middle;display:inline-block}<\/style>\t\t\t\t\t\t\t\t\t\t<img fetchpriority=\"high\" decoding=\"async\" width=\"1080\" height=\"1350\" src=\"https:\/\/ead.unipac.br\/wp-content\/uploads\/2023\/03\/Eng-Prod-1.png\" class=\"attachment-full size-full wp-image-4250\" alt=\"\" srcset=\"https:\/\/ead.unipac.br\/wp-content\/uploads\/2023\/03\/Eng-Prod-1.png 1080w, https:\/\/ead.unipac.br\/wp-content\/uploads\/2023\/03\/Eng-Prod-1-240x300.png 240w, https:\/\/ead.unipac.br\/wp-content\/uploads\/2023\/03\/Eng-Prod-1-819x1024.png 819w, https:\/\/ead.unipac.br\/wp-content\/uploads\/2023\/03\/Eng-Prod-1-768x960.png 768w\" sizes=\"(max-width: 1080px) 100vw, 1080px\" \/>\t\t\t\t\t\t\t\t\t\t\t\t\t<\/div>\n\t\t\t\t<\/div>\n\t\t\t\t<\/div>\n\t\t<div class=\"elementor-element elementor-element-5ddeef2 e-con-full elementor-hidden-tablet elementor-hidden-mobile e-flex wpr-particle-no wpr-jarallax-no wpr-parallax-no wpr-sticky-section-no e-con e-parent\" data-id=\"5ddeef2\" data-element_type=\"container\" data-settings=\"{&quot;background_background&quot;:&quot;classic&quot;}\">\n\t\t\t\t<div class=\"elementor-element elementor-element-3177dbf elementor-widget elementor-widget-image\" data-id=\"3177dbf\" data-element_type=\"widget\" data-widget_type=\"image.default\">\n\t\t\t\t<div class=\"elementor-widget-container\">\n\t\t\t\t\t\t\t\t\t\t\t\t\t<img decoding=\"async\" width=\"1920\" height=\"623\" src=\"https:\/\/ead.unipac.br\/wp-content\/uploads\/2023\/03\/E-Prod.png\" class=\"attachment-full size-full wp-image-4343\" alt=\"\" srcset=\"https:\/\/ead.unipac.br\/wp-content\/uploads\/2023\/03\/E-Prod.png 1920w, https:\/\/ead.unipac.br\/wp-content\/uploads\/2023\/03\/E-Prod-300x97.png 300w, https:\/\/ead.unipac.br\/wp-content\/uploads\/2023\/03\/E-Prod-1024x332.png 1024w, https:\/\/ead.unipac.br\/wp-content\/uploads\/2023\/03\/E-Prod-768x249.png 768w, https:\/\/ead.unipac.br\/wp-content\/uploads\/2023\/03\/E-Prod-1536x498.png 1536w\" sizes=\"(max-width: 1920px) 100vw, 1920px\" \/>\t\t\t\t\t\t\t\t\t\t\t\t\t<\/div>\n\t\t\t\t<\/div>\n\t\t\t\t<\/div>\n\t\t<div class=\"elementor-element elementor-element-7a4e4a9 e-flex e-con-boxed wpr-particle-no wpr-jarallax-no wpr-parallax-no wpr-sticky-section-no e-con e-parent\" data-id=\"7a4e4a9\" data-element_type=\"container\" data-settings=\"{&quot;background_background&quot;:&quot;classic&quot;}\">\n\t\t\t\t\t<div class=\"e-con-inner\">\n\t\t\t\t<div class=\"elementor-element elementor-element-e446bfb elementor-widget elementor-widget-image\" data-id=\"e446bfb\" data-element_type=\"widget\" data-widget_type=\"image.default\">\n\t\t\t\t<div class=\"elementor-widget-container\">\n\t\t\t\t\t\t\t\t\t\t\t\t\t<img decoding=\"async\" width=\"300\" height=\"100\" src=\"https:\/\/ead.unipac.br\/wp-content\/uploads\/2023\/10\/Inscricoes-EM-BREVE-300x100.png\" class=\"attachment-medium size-medium wp-image-4942\" alt=\"\" srcset=\"https:\/\/ead.unipac.br\/wp-content\/uploads\/2023\/10\/Inscricoes-EM-BREVE-300x100.png 300w, https:\/\/ead.unipac.br\/wp-content\/uploads\/2023\/10\/Inscricoes-EM-BREVE.png 666w\" sizes=\"(max-width: 300px) 100vw, 300px\" \/>\t\t\t\t\t\t\t\t\t\t\t\t\t<\/div>\n\t\t\t\t<\/div>\n\t\t\t\t\t<\/div>\n\t\t\t\t<\/div>\n\t\t<div class=\"elementor-element elementor-element-2597973 e-flex e-con-boxed wpr-particle-no wpr-jarallax-no wpr-parallax-no wpr-sticky-section-no e-con e-parent\" data-id=\"2597973\" data-element_type=\"container\">\n\t\t\t\t\t<div class=\"e-con-inner\">\n\t\t<div class=\"elementor-element elementor-element-132c643 e-con-full e-flex wpr-particle-no wpr-jarallax-no wpr-parallax-no wpr-sticky-section-no e-con e-parent\" data-id=\"132c643\" data-element_type=\"container\">\n\t\t\t\t<div class=\"elementor-element elementor-element-83d8575 elementor-widget elementor-widget-image\" data-id=\"83d8575\" data-element_type=\"widget\" data-widget_type=\"image.default\">\n\t\t\t\t<div class=\"elementor-widget-container\">\n\t\t\t\t\t\t\t\t\t\t\t\t\t<img loading=\"lazy\" decoding=\"async\" width=\"300\" height=\"165\" src=\"https:\/\/ead.unipac.br\/wp-content\/uploads\/2023\/03\/smart-industry-robot-arms-digital-factory-production-technology-300x165.jpg\" class=\"attachment-medium size-medium wp-image-4423\" alt=\"\" srcset=\"https:\/\/ead.unipac.br\/wp-content\/uploads\/2023\/03\/smart-industry-robot-arms-digital-factory-production-technology-300x165.jpg 300w, https:\/\/ead.unipac.br\/wp-content\/uploads\/2023\/03\/smart-industry-robot-arms-digital-factory-production-technology-1024x563.jpg 1024w, https:\/\/ead.unipac.br\/wp-content\/uploads\/2023\/03\/smart-industry-robot-arms-digital-factory-production-technology-768x422.jpg 768w, https:\/\/ead.unipac.br\/wp-content\/uploads\/2023\/03\/smart-industry-robot-arms-digital-factory-production-technology-1536x845.jpg 1536w, https:\/\/ead.unipac.br\/wp-content\/uploads\/2023\/03\/smart-industry-robot-arms-digital-factory-production-technology-2048x1127.jpg 2048w\" sizes=\"(max-width: 300px) 100vw, 300px\" \/>\t\t\t\t\t\t\t\t\t\t\t\t\t<\/div>\n\t\t\t\t<\/div>\n\t\t\t\t<\/div>\n\t\t<div class=\"elementor-element elementor-element-f71be18 e-con-full e-flex wpr-particle-no wpr-jarallax-no wpr-parallax-no wpr-sticky-section-no e-con e-parent\" data-id=\"f71be18\" data-element_type=\"container\">\n\t\t\t\t<div class=\"elementor-element elementor-element-8da743e elementor-widget elementor-widget-image\" data-id=\"8da743e\" data-element_type=\"widget\" data-widget_type=\"image.default\">\n\t\t\t\t<div class=\"elementor-widget-container\">\n\t\t\t\t\t\t\t\t\t\t\t\t\t<img loading=\"lazy\" decoding=\"async\" width=\"300\" height=\"189\" src=\"https:\/\/ead.unipac.br\/wp-content\/uploads\/2023\/03\/smart-industry-robot-arms-digital-factory-production-technology-1-300x189.jpg\" class=\"attachment-medium size-medium wp-image-4422\" alt=\"\" srcset=\"https:\/\/ead.unipac.br\/wp-content\/uploads\/2023\/03\/smart-industry-robot-arms-digital-factory-production-technology-1-300x189.jpg 300w, https:\/\/ead.unipac.br\/wp-content\/uploads\/2023\/03\/smart-industry-robot-arms-digital-factory-production-technology-1-1024x644.jpg 1024w, https:\/\/ead.unipac.br\/wp-content\/uploads\/2023\/03\/smart-industry-robot-arms-digital-factory-production-technology-1-768x483.jpg 768w, https:\/\/ead.unipac.br\/wp-content\/uploads\/2023\/03\/smart-industry-robot-arms-digital-factory-production-technology-1-1536x965.jpg 1536w, https:\/\/ead.unipac.br\/wp-content\/uploads\/2023\/03\/smart-industry-robot-arms-digital-factory-production-technology-1-2048x1287.jpg 2048w\" sizes=\"(max-width: 300px) 100vw, 300px\" \/>\t\t\t\t\t\t\t\t\t\t\t\t\t<\/div>\n\t\t\t\t<\/div>\n\t\t\t\t<\/div>\n\t\t<div class=\"elementor-element elementor-element-34945da e-con-full e-flex wpr-particle-no wpr-jarallax-no wpr-parallax-no wpr-sticky-section-no e-con e-parent\" data-id=\"34945da\" data-element_type=\"container\">\n\t\t\t\t<div class=\"elementor-element elementor-element-4d4492b elementor-widget elementor-widget-image\" data-id=\"4d4492b\" data-element_type=\"widget\" data-widget_type=\"image.default\">\n\t\t\t\t<div class=\"elementor-widget-container\">\n\t\t\t\t\t\t\t\t\t\t\t\t\t<img loading=\"lazy\" decoding=\"async\" width=\"300\" height=\"171\" src=\"https:\/\/ead.unipac.br\/wp-content\/uploads\/2023\/03\/male-professional-engineer-worker-quality-control-maintenance-manufacturing-inspection-warehouse-storage-factory-operator-training-engineering-man-control-ai-generative-300x171.jpg\" class=\"attachment-medium size-medium wp-image-4424\" alt=\"\" srcset=\"https:\/\/ead.unipac.br\/wp-content\/uploads\/2023\/03\/male-professional-engineer-worker-quality-control-maintenance-manufacturing-inspection-warehouse-storage-factory-operator-training-engineering-man-control-ai-generative-300x171.jpg 300w, https:\/\/ead.unipac.br\/wp-content\/uploads\/2023\/03\/male-professional-engineer-worker-quality-control-maintenance-manufacturing-inspection-warehouse-storage-factory-operator-training-engineering-man-control-ai-generative-1024x585.jpg 1024w, https:\/\/ead.unipac.br\/wp-content\/uploads\/2023\/03\/male-professional-engineer-worker-quality-control-maintenance-manufacturing-inspection-warehouse-storage-factory-operator-training-engineering-man-control-ai-generative-768x439.jpg 768w, https:\/\/ead.unipac.br\/wp-content\/uploads\/2023\/03\/male-professional-engineer-worker-quality-control-maintenance-manufacturing-inspection-warehouse-storage-factory-operator-training-engineering-man-control-ai-generative-1536x878.jpg 1536w, https:\/\/ead.unipac.br\/wp-content\/uploads\/2023\/03\/male-professional-engineer-worker-quality-control-maintenance-manufacturing-inspection-warehouse-storage-factory-operator-training-engineering-man-control-ai-generative-2048x1170.jpg 2048w\" sizes=\"(max-width: 300px) 100vw, 300px\" \/>\t\t\t\t\t\t\t\t\t\t\t\t\t<\/div>\n\t\t\t\t<\/div>\n\t\t\t\t<\/div>\n\t\t\t\t\t<\/div>\n\t\t\t\t<\/div>\n\t\t<div class=\"elementor-element elementor-element-77e9744 e-flex e-con-boxed wpr-particle-no wpr-jarallax-no wpr-parallax-no wpr-sticky-section-no e-con e-parent\" data-id=\"77e9744\" data-element_type=\"container\">\n\t\t\t\t\t<div class=\"e-con-inner\">\n\t\t<div class=\"elementor-element elementor-element-07ab4d1 e-con-full e-flex wpr-particle-no wpr-jarallax-no wpr-parallax-no wpr-sticky-section-no e-con e-parent\" data-id=\"07ab4d1\" data-element_type=\"container\">\n\t\t\t\t<div class=\"elementor-element elementor-element-b312d77 elementor-widget elementor-widget-heading\" data-id=\"b312d77\" data-element_type=\"widget\" data-widget_type=\"heading.default\">\n\t\t\t\t<div class=\"elementor-widget-container\">\n\t\t\t<style>\/*! elementor - v3.22.0 - 26-06-2024 *\/\n.elementor-heading-title{padding:0;margin:0;line-height:1}.elementor-widget-heading .elementor-heading-title[class*=elementor-size-]>a{color:inherit;font-size:inherit;line-height:inherit}.elementor-widget-heading .elementor-heading-title.elementor-size-small{font-size:15px}.elementor-widget-heading .elementor-heading-title.elementor-size-medium{font-size:19px}.elementor-widget-heading .elementor-heading-title.elementor-size-large{font-size:29px}.elementor-widget-heading .elementor-heading-title.elementor-size-xl{font-size:39px}.elementor-widget-heading .elementor-heading-title.elementor-size-xxl{font-size:59px}<\/style><h2 class=\"elementor-heading-title elementor-size-default\">O Curso<\/h2>\t\t<\/div>\n\t\t\t\t<\/div>\n\t\t\t\t<div class=\"elementor-element elementor-element-093f0ba elementor-widget elementor-widget-text-editor\" data-id=\"093f0ba\" data-element_type=\"widget\" data-widget_type=\"text-editor.default\">\n\t\t\t\t<div class=\"elementor-widget-container\">\n\t\t\t<style>\/*! elementor - v3.22.0 - 26-06-2024 *\/\n.elementor-widget-text-editor.elementor-drop-cap-view-stacked .elementor-drop-cap{background-color:#69727d;color:#fff}.elementor-widget-text-editor.elementor-drop-cap-view-framed .elementor-drop-cap{color:#69727d;border:3px solid;background-color:transparent}.elementor-widget-text-editor:not(.elementor-drop-cap-view-default) .elementor-drop-cap{margin-top:8px}.elementor-widget-text-editor:not(.elementor-drop-cap-view-default) .elementor-drop-cap-letter{width:1em;height:1em}.elementor-widget-text-editor .elementor-drop-cap{float:left;text-align:center;line-height:1;font-size:50px}.elementor-widget-text-editor .elementor-drop-cap-letter{display:inline-block}<\/style>\t\t\t\t<p>O Engenheiro de Produ\u00e7\u00e3o formado no UNIPAC adquire s\u00f3lida forma\u00e7\u00e3o cient\u00edfica e profissional. Possui habilidades e compet\u00eancias na formula\u00e7\u00e3o e resolu\u00e7\u00e3o de problemas ligados \u00e0s atividades de projeto, opera\u00e7\u00e3o e gerenciamento do trabalho e sistemas de produ\u00e7\u00e3o de bens e\/ou servi\u00e7os, considerando seus aspectos humanos, econ\u00f4micos, sociais e ambientais, com vis\u00e3o \u00e9tica e humana, em atendimento \u00e0s demandas da sociedade. O curso apresenta como objetivo geral formar um profissional apto a se inserir no mercado para desenvolver solu\u00e7\u00f5es para quest\u00f5es voltadas para aspectos tecnol\u00f3gicos, econ\u00f4micos, sociais e ambientais.<\/p>\t\t\t\t\t\t<\/div>\n\t\t\t\t<\/div>\n\t\t\t\t<\/div>\n\t\t\t\t\t<\/div>\n\t\t\t\t<\/div>\n\t\t<div class=\"elementor-element elementor-element-dfd5177 e-flex e-con-boxed wpr-particle-no wpr-jarallax-no wpr-parallax-no wpr-sticky-section-no e-con e-parent\" data-id=\"dfd5177\" data-element_type=\"container\">\n\t\t\t\t\t<div class=\"e-con-inner\">\n\t\t<div class=\"elementor-element elementor-element-93a5e3f e-con-full e-flex wpr-particle-no wpr-jarallax-no wpr-parallax-no wpr-sticky-section-no e-con e-parent\" data-id=\"93a5e3f\" data-element_type=\"container\">\n\t\t<div class=\"elementor-element elementor-element-3d62346 e-con-full e-flex wpr-particle-no wpr-jarallax-no wpr-parallax-no wpr-sticky-section-no e-con e-parent\" data-id=\"3d62346\" data-element_type=\"container\">\n\t\t\t\t<div class=\"elementor-element elementor-element-70e4343 elementor-view-default elementor-position-top elementor-mobile-position-top elementor-widget elementor-widget-icon-box\" data-id=\"70e4343\" data-element_type=\"widget\" data-widget_type=\"icon-box.default\">\n\t\t\t\t<div class=\"elementor-widget-container\">\n\t\t\t<link rel=\"stylesheet\" href=\"https:\/\/ead.unipac.br\/wp-content\/plugins\/elementor\/assets\/css\/widget-icon-box.min.css\">\t\t<div class=\"elementor-icon-box-wrapper\">\n\n\t\t\t\t\t\t<div class=\"elementor-icon-box-icon\">\n\t\t\t\t<span  class=\"elementor-icon elementor-animation-\">\n\t\t\t\t<i aria-hidden=\"true\" class=\"far fa-clock\"><\/i>\t\t\t\t<\/span>\n\t\t\t<\/div>\n\t\t\t\n\t\t\t\t\t\t<div class=\"elementor-icon-box-content\">\n\n\t\t\t\t\t\t\t\t\t<h3 class=\"elementor-icon-box-title\">\n\t\t\t\t\t\t<span  >\n\t\t\t\t\t\t\tDura\u00e7\u00e3o:\t\t\t\t\t\t<\/span>\n\t\t\t\t\t<\/h3>\n\t\t\t\t\n\t\t\t\t\t\t\t\t\t<p class=\"elementor-icon-box-description\">\n\t\t\t\t\t\t5 anos\t\t\t\t\t<\/p>\n\t\t\t\t\n\t\t\t<\/div>\n\t\t\t\n\t\t<\/div>\n\t\t\t\t<\/div>\n\t\t\t\t<\/div>\n\t\t\t\t<div class=\"elementor-element elementor-element-b761468 elementor-view-default elementor-position-top elementor-mobile-position-top elementor-widget elementor-widget-icon-box\" data-id=\"b761468\" data-element_type=\"widget\" data-widget_type=\"icon-box.default\">\n\t\t\t\t<div class=\"elementor-widget-container\">\n\t\t\t\t\t<div class=\"elementor-icon-box-wrapper\">\n\n\t\t\t\t\t\t<div class=\"elementor-icon-box-icon\">\n\t\t\t\t<span  class=\"elementor-icon elementor-animation-\">\n\t\t\t\t<i aria-hidden=\"true\" class=\"fas fa-gem\"><\/i>\t\t\t\t<\/span>\n\t\t\t<\/div>\n\t\t\t\n\t\t\t\t\t\t<div class=\"elementor-icon-box-content\">\n\n\t\t\t\t\t\t\t\t\t<h3 class=\"elementor-icon-box-title\">\n\t\t\t\t\t\t<span  >\n\t\t\t\t\t\t\tTitula\u00e7\u00e3o: \t\t\t\t\t\t<\/span>\n\t\t\t\t\t<\/h3>\n\t\t\t\t\n\t\t\t\t\t\t\t\t\t<p class=\"elementor-icon-box-description\">\n\t\t\t\t\t\tBacharelado\t\t\t\t\t<\/p>\n\t\t\t\t\n\t\t\t<\/div>\n\t\t\t\n\t\t<\/div>\n\t\t\t\t<\/div>\n\t\t\t\t<\/div>\n\t\t\t\t<div class=\"elementor-element elementor-element-34b5ea5 elementor-view-default elementor-position-top elementor-mobile-position-top elementor-widget elementor-widget-icon-box\" data-id=\"34b5ea5\" data-element_type=\"widget\" data-widget_type=\"icon-box.default\">\n\t\t\t\t<div class=\"elementor-widget-container\">\n\t\t\t\t\t<div class=\"elementor-icon-box-wrapper\">\n\n\t\t\t\t\t\t<div class=\"elementor-icon-box-icon\">\n\t\t\t\t<span  class=\"elementor-icon elementor-animation-\">\n\t\t\t\t<i aria-hidden=\"true\" class=\"fas fa-star\"><\/i>\t\t\t\t<\/span>\n\t\t\t<\/div>\n\t\t\t\n\t\t\t\t\t\t<div class=\"elementor-icon-box-content\">\n\n\t\t\t\t\t\t\t\t\t<h3 class=\"elementor-icon-box-title\">\n\t\t\t\t\t\t<span  >\n\t\t\t\t\t\t\tModalidade: \t\t\t\t\t\t<\/span>\n\t\t\t\t\t<\/h3>\n\t\t\t\t\n\t\t\t\t\t\t\t\t\t<p class=\"elementor-icon-box-description\">\n\t\t\t\t\t\tEAD\t\t\t\t\t<\/p>\n\t\t\t\t\n\t\t\t<\/div>\n\t\t\t\n\t\t<\/div>\n\t\t\t\t<\/div>\n\t\t\t\t<\/div>\n\t\t\t\t<\/div>\n\t\t\t\t<\/div>\n\t\t<div class=\"elementor-element elementor-element-14eb66b e-con-full e-flex wpr-particle-no wpr-jarallax-no wpr-parallax-no wpr-sticky-section-no e-con e-parent\" data-id=\"14eb66b\" data-element_type=\"container\">\n\t\t<div class=\"elementor-element elementor-element-944d8f8 e-con-full e-flex wpr-particle-no wpr-jarallax-no wpr-parallax-no wpr-sticky-section-no e-con e-parent\" data-id=\"944d8f8\" data-element_type=\"container\">\n\t\t<div class=\"elementor-element elementor-element-f509131 e-con-full e-flex wpr-particle-no wpr-jarallax-no wpr-parallax-no wpr-sticky-section-no e-con e-parent\" data-id=\"f509131\" data-element_type=\"container\">\n\t\t<div class=\"elementor-element elementor-element-000134e e-flex e-con-boxed wpr-particle-no wpr-jarallax-no wpr-parallax-no wpr-sticky-section-no e-con e-parent\" data-id=\"000134e\" data-element_type=\"container\">\n\t\t\t\t\t<div class=\"e-con-inner\">\n\t\t\t\t<div class=\"elementor-element elementor-element-0ae5ab1 elementor-hidden-tablet elementor-hidden-mobile elementor-widget elementor-widget-spacer\" data-id=\"0ae5ab1\" data-element_type=\"widget\" data-widget_type=\"spacer.default\">\n\t\t\t\t<div class=\"elementor-widget-container\">\n\t\t\t<style>\/*! elementor - v3.22.0 - 26-06-2024 *\/\n.elementor-column .elementor-spacer-inner{height:var(--spacer-size)}.e-con{--container-widget-width:100%}.e-con-inner>.elementor-widget-spacer,.e-con>.elementor-widget-spacer{width:var(--container-widget-width,var(--spacer-size));--align-self:var(--container-widget-align-self,initial);--flex-shrink:0}.e-con-inner>.elementor-widget-spacer>.elementor-widget-container,.e-con>.elementor-widget-spacer>.elementor-widget-container{height:100%;width:100%}.e-con-inner>.elementor-widget-spacer>.elementor-widget-container>.elementor-spacer,.e-con>.elementor-widget-spacer>.elementor-widget-container>.elementor-spacer{height:100%}.e-con-inner>.elementor-widget-spacer>.elementor-widget-container>.elementor-spacer>.elementor-spacer-inner,.e-con>.elementor-widget-spacer>.elementor-widget-container>.elementor-spacer>.elementor-spacer-inner{height:var(--container-widget-height,var(--spacer-size))}.e-con-inner>.elementor-widget-spacer.elementor-widget-empty,.e-con>.elementor-widget-spacer.elementor-widget-empty{position:relative;min-height:22px;min-width:22px}.e-con-inner>.elementor-widget-spacer.elementor-widget-empty .elementor-widget-empty-icon,.e-con>.elementor-widget-spacer.elementor-widget-empty .elementor-widget-empty-icon{position:absolute;top:0;bottom:0;left:0;right:0;margin:auto;padding:0;width:22px;height:22px}<\/style>\t\t<div class=\"elementor-spacer\">\n\t\t\t<div class=\"elementor-spacer-inner\"><\/div>\n\t\t<\/div>\n\t\t\t\t<\/div>\n\t\t\t\t<\/div>\n\t\t\t\t<div class=\"elementor-element elementor-element-a1950a5 elementor-widget elementor-widget-heading\" data-id=\"a1950a5\" data-element_type=\"widget\" data-widget_type=\"heading.default\">\n\t\t\t\t<div class=\"elementor-widget-container\">\n\t\t\t<h2 class=\"elementor-heading-title elementor-size-default\">Investimento:<\/h2>\t\t<\/div>\n\t\t\t\t<\/div>\n\t\t\t\t<div class=\"elementor-element elementor-element-3f3c13f elementor-headline--style-highlight elementor-widget elementor-widget-animated-headline\" data-id=\"3f3c13f\" data-element_type=\"widget\" data-settings=\"{&quot;marker&quot;:&quot;x&quot;,&quot;highlighted_text&quot;:&quot;R$ 484,65&quot;,&quot;headline_style&quot;:&quot;highlight&quot;,&quot;loop&quot;:&quot;yes&quot;,&quot;highlight_animation_duration&quot;:1200,&quot;highlight_iteration_delay&quot;:8000}\" data-widget_type=\"animated-headline.default\">\n\t\t\t\t<div class=\"elementor-widget-container\">\n\t\t\t<link rel=\"stylesheet\" href=\"https:\/\/ead.unipac.br\/wp-content\/plugins\/pro-elements\/assets\/css\/widget-animated-headline.min.css\">\t\t<h3 class=\"elementor-headline\">\n\t\t\t\t\t<span class=\"elementor-headline-plain-text elementor-headline-text-wrapper\">de<\/span>\n\t\t\t\t<span class=\"elementor-headline-dynamic-wrapper elementor-headline-text-wrapper\">\n\t\t\t\t\t<span class=\"elementor-headline-dynamic-text elementor-headline-text-active\">R$ 484,65<\/span>\n\t\t\t\t<\/span>\n\t\t\t\t\t<span class=\"elementor-headline-plain-text elementor-headline-text-wrapper\">mensais<\/span>\n\t\t\t\t\t<\/h3>\n\t\t\t\t<\/div>\n\t\t\t\t<\/div>\n\t\t\t\t<div class=\"elementor-element elementor-element-ebba321 elementor-hidden-tablet elementor-hidden-mobile elementor-widget elementor-widget-spacer\" data-id=\"ebba321\" data-element_type=\"widget\" data-widget_type=\"spacer.default\">\n\t\t\t\t<div class=\"elementor-widget-container\">\n\t\t\t\t\t<div class=\"elementor-spacer\">\n\t\t\t<div class=\"elementor-spacer-inner\"><\/div>\n\t\t<\/div>\n\t\t\t\t<\/div>\n\t\t\t\t<\/div>\n\t\t\t\t\t<\/div>\n\t\t\t\t<\/div>\n\t\t<div class=\"elementor-element elementor-element-ba490e9 e-flex e-con-boxed wpr-particle-no wpr-jarallax-no wpr-parallax-no wpr-sticky-section-no e-con e-parent\" data-id=\"ba490e9\" data-element_type=\"container\">\n\t\t\t\t\t<div class=\"e-con-inner\">\n\t\t\t\t<div class=\"elementor-element elementor-element-dd47e8f elementor-widget elementor-widget-heading\" data-id=\"dd47e8f\" data-element_type=\"widget\" data-widget_type=\"heading.default\">\n\t\t\t\t<div class=\"elementor-widget-container\">\n\t\t\t<h2 class=\"elementor-heading-title elementor-size-default\">Normal:<\/h2>\t\t<\/div>\n\t\t\t\t<\/div>\n\t\t\t\t<div class=\"elementor-element elementor-element-4b1b46b elementor-headline--style-highlight elementor-widget elementor-widget-animated-headline\" data-id=\"4b1b46b\" data-element_type=\"widget\" data-settings=\"{&quot;marker&quot;:&quot;underline_zigzag&quot;,&quot;highlighted_text&quot;:&quot;R$ 339,26&quot;,&quot;headline_style&quot;:&quot;highlight&quot;,&quot;loop&quot;:&quot;yes&quot;,&quot;highlight_animation_duration&quot;:1200,&quot;highlight_iteration_delay&quot;:8000}\" data-widget_type=\"animated-headline.default\">\n\t\t\t\t<div class=\"elementor-widget-container\">\n\t\t\t\t\t<h3 class=\"elementor-headline\">\n\t\t\t\t\t<span class=\"elementor-headline-plain-text elementor-headline-text-wrapper\">por<\/span>\n\t\t\t\t<span class=\"elementor-headline-dynamic-wrapper elementor-headline-text-wrapper\">\n\t\t\t\t\t<span class=\"elementor-headline-dynamic-text elementor-headline-text-active\">R$ 339,26<\/span>\n\t\t\t\t<\/span>\n\t\t\t\t\t<span class=\"elementor-headline-plain-text elementor-headline-text-wrapper\">mensais<\/span>\n\t\t\t\t\t<\/h3>\n\t\t\t\t<\/div>\n\t\t\t\t<\/div>\n\t\t\t\t<div class=\"elementor-element elementor-element-14b163e elementor-hidden-tablet elementor-hidden-mobile elementor-widget elementor-widget-spacer\" data-id=\"14b163e\" data-element_type=\"widget\" data-widget_type=\"spacer.default\">\n\t\t\t\t<div class=\"elementor-widget-container\">\n\t\t\t\t\t<div class=\"elementor-spacer\">\n\t\t\t<div class=\"elementor-spacer-inner\"><\/div>\n\t\t<\/div>\n\t\t\t\t<\/div>\n\t\t\t\t<\/div>\n\t\t\t\t<div class=\"elementor-element elementor-element-055beac elementor-widget elementor-widget-heading\" data-id=\"055beac\" data-element_type=\"widget\" data-widget_type=\"heading.default\">\n\t\t\t\t<div class=\"elementor-widget-container\">\n\t\t\t<h2 class=\"elementor-heading-title elementor-size-default\">Conv\u00eanio Empresa:<\/h2>\t\t<\/div>\n\t\t\t\t<\/div>\n\t\t\t\t<div class=\"elementor-element elementor-element-15270ff elementor-headline--style-highlight elementor-widget elementor-widget-animated-headline\" data-id=\"15270ff\" data-element_type=\"widget\" data-settings=\"{&quot;marker&quot;:&quot;underline_zigzag&quot;,&quot;highlighted_text&quot;:&quot;R$ 315,02&quot;,&quot;headline_style&quot;:&quot;highlight&quot;,&quot;loop&quot;:&quot;yes&quot;,&quot;highlight_animation_duration&quot;:1200,&quot;highlight_iteration_delay&quot;:8000}\" data-widget_type=\"animated-headline.default\">\n\t\t\t\t<div class=\"elementor-widget-container\">\n\t\t\t\t\t<h3 class=\"elementor-headline\">\n\t\t\t\t\t<span class=\"elementor-headline-plain-text elementor-headline-text-wrapper\">por<\/span>\n\t\t\t\t<span class=\"elementor-headline-dynamic-wrapper elementor-headline-text-wrapper\">\n\t\t\t\t\t<span class=\"elementor-headline-dynamic-text elementor-headline-text-active\">R$ 315,02<\/span>\n\t\t\t\t<\/span>\n\t\t\t\t\t<span class=\"elementor-headline-plain-text elementor-headline-text-wrapper\">mensais<\/span>\n\t\t\t\t\t<\/h3>\n\t\t\t\t<\/div>\n\t\t\t\t<\/div>\n\t\t\t\t\t<\/div>\n\t\t\t\t<\/div>\n\t\t\t\t<\/div>\n\t\t\t\t<\/div>\n\t\t\t\t<\/div>\n\t\t\t\t\t<\/div>\n\t\t\t\t<\/div>\n\t\t\t\t<\/div>\n\t\t","protected":false},"excerpt":{"rendered":"<p>O Curso O Engenheiro de Produ\u00e7\u00e3o formado no UNIPAC adquire s\u00f3lida forma\u00e7\u00e3o cient\u00edfica e profissional. Possui habilidades e compet\u00eancias na formula\u00e7\u00e3o e resolu\u00e7\u00e3o de problemas ligados \u00e0s atividades de projeto, opera\u00e7\u00e3o e gerenciamento do trabalho e sistemas de produ\u00e7\u00e3o de bens e\/ou servi\u00e7os, considerando seus aspectos humanos, econ\u00f4micos, sociais e ambientais, com vis\u00e3o \u00e9tica e [&hellip;]<\/p>\n","protected":false},"author":7,"featured_media":0,"parent":0,"menu_order":0,"comment_status":"closed","ping_status":"closed","template":"","meta":{"footnotes":""},"class_list":["post-4420","page","type-page","status-publish","hentry"],"acf":[],"_links":{"self":[{"href":"https:\/\/ead.unipac.br\/index.php?rest_route=\/wp\/v2\/pages\/4420","targetHints":{"allow":["GET"]}}],"collection":[{"href":"https:\/\/ead.unipac.br\/index.php?rest_route=\/wp\/v2\/pages"}],"about":[{"href":"https:\/\/ead.unipac.br\/index.php?rest_route=\/wp\/v2\/types\/page"}],"author":[{"embeddable":true,"href":"https:\/\/ead.unipac.br\/index.php?rest_route=\/wp\/v2\/users\/7"}],"replies":[{"embeddable":true,"href":"https:\/\/ead.unipac.br\/index.php?rest_route=%2Fwp%2Fv2%2Fcomments&post=4420"}],"version-history":[{"count":37,"href":"https:\/\/ead.unipac.br\/index.php?rest_route=\/wp\/v2\/pages\/4420\/revisions"}],"predecessor-version":[{"id":5410,"href":"https:\/\/ead.unipac.br\/index.php?rest_route=\/wp\/v2\/pages\/4420\/revisions\/5410"}],"wp:attachment":[{"href":"https:\/\/ead.unipac.br\/index.php?rest_route=%2Fwp%2Fv2%2Fmedia&parent=4420"}],"curies":[{"name":"wp","href":"https:\/\/api.w.org\/{rel}","templated":true}]}}